{"id":969,"date":"2019-05-31T19:05:08","date_gmt":"2019-05-31T19:05:08","guid":{"rendered":"https:\/\/beta.kayak-cabana.com\/?page_id=969"},"modified":"2019-05-31T19:05:42","modified_gmt":"2019-05-31T19:05:42","slug":"our-installations","status":"publish","type":"page","link":"https:\/\/kayak-cabana.com\/ca\/our-installations\/","title":{"rendered":"Our installations"},"content":{"rendered":"","protected":false},"excerpt":{"rendered":"","protected":false},"author":2,"featured_media":0,"parent":0,"menu_order":0,"comment_status":"closed","ping_status":"closed","template":"","meta":{"footnotes":""},"class_list":["post-969","page","type-page","status-publish","hentry"],"translation":{"provider":"WPGlobus","version":"3.0.2","language":"ca","enabled_languages":["qc","ca"],"languages":{"qc":{"title":true,"content":false,"excerpt":false},"ca":{"title":true,"content":false,"excerpt":false}}},"yoast_head":"<!-- This site is optimized with the Yoast SEO plugin v27.5 - https:\/\/yoast.com\/product\/yoast-seo-wordpress\/ -->\n<title>Our installations - Kayak &amp; Cabana (Kayak Caf\u00e9)<\/title>\n<meta name=\"robots\" content=\"index, follow, max-snippet:-1, max-image-preview:large, max-video-preview:-1\" \/>\n<link rel=\"canonical\" href=\"https:\/\/kayak-cabana.com\/our-installations\/\" \/>\n<meta property=\"og:locale\" content=\"en_US\" \/>\n<meta property=\"og:type\" content=\"article\" \/>\n<meta property=\"og:title\" content=\"Our installations - Kayak &amp; Cabana (Kayak Caf\u00e9)\" \/>\n<meta property=\"og:url\" content=\"https:\/\/kayak-cabana.com\/our-installations\/\" \/>\n<meta property=\"og:site_name\" content=\"Kayak &amp; Cabana (Kayak Caf\u00e9)\" \/>\n<meta property=\"article:modified_time\" content=\"2019-05-31T19:05:42+00:00\" \/>\n<meta name=\"twitter:card\" content=\"summary_large_image\" \/>\n<script type=\"application\/ld+json\" class=\"yoast-schema-graph\">{\"@context\":\"https:\\\/\\\/schema.org\",\"@graph\":[{\"@type\":\"WebPage\",\"@id\":\"https:\\\/\\\/kayak-cabana.com\\\/our-installations\\\/\",\"url\":\"https:\\\/\\\/kayak-cabana.com\\\/our-installations\\\/\",\"name\":\"Our installations - Kayak &amp; Cabana (Kayak Caf\u00e9)\",\"isPartOf\":{\"@id\":\"https:\\\/\\\/kayak-cabana.com\\\/#website\"},\"datePublished\":\"2019-05-31T19:05:08+00:00\",\"dateModified\":\"2019-05-31T19:05:42+00:00\",\"breadcrumb\":{\"@id\":\"https:\\\/\\\/kayak-cabana.com\\\/our-installations\\\/#breadcrumb\"},\"inLanguage\":\"en-CA\",\"potentialAction\":[{\"@type\":\"ReadAction\",\"target\":[\"https:\\\/\\\/kayak-cabana.com\\\/our-installations\\\/\"]}]},{\"@type\":\"BreadcrumbList\",\"@id\":\"https:\\\/\\\/kayak-cabana.com\\\/our-installations\\\/#breadcrumb\",\"itemListElement\":[{\"@type\":\"ListItem\",\"position\":1,\"name\":\"Home\",\"item\":\"https:\\\/\\\/kayak-cabana.com\\\/\"},{\"@type\":\"ListItem\",\"position\":2,\"name\":\"Nos installations\"}]},{\"@type\":\"WebSite\",\"@id\":\"https:\\\/\\\/kayak-cabana.com\\\/#website\",\"url\":\"https:\\\/\\\/kayak-cabana.com\\\/\",\"name\":\"Kayak &amp; Cabana (Kayak Caf\u00e9)\",\"description\":\"Excursions sur la rivi\u00e8re rouge et h\u00e9bergements insolites\",\"publisher\":{\"@id\":\"https:\\\/\\\/kayak-cabana.com\\\/#organization\"},\"potentialAction\":[{\"@type\":\"SearchAction\",\"target\":{\"@type\":\"EntryPoint\",\"urlTemplate\":\"https:\\\/\\\/kayak-cabana.com\\\/?s={search_term_string}\"},\"query-input\":{\"@type\":\"PropertyValueSpecification\",\"valueRequired\":true,\"valueName\":\"search_term_string\"}}],\"inLanguage\":\"en-CA\"},{\"@type\":\"Organization\",\"@id\":\"https:\\\/\\\/kayak-cabana.com\\\/#organization\",\"name\":\"Kayak &amp; Cabana (Kayak Caf\u00e9)\",\"url\":\"https:\\\/\\\/kayak-cabana.com\\\/\",\"logo\":{\"@type\":\"ImageObject\",\"inLanguage\":\"en-CA\",\"@id\":\"https:\\\/\\\/kayak-cabana.com\\\/#\\\/schema\\\/logo\\\/image\\\/\",\"url\":\"https:\\\/\\\/kayak-cabana.com\\\/wp-content\\\/uploads\\\/2019\\\/06\\\/kayak-et-cabana-logo.png\",\"contentUrl\":\"https:\\\/\\\/kayak-cabana.com\\\/wp-content\\\/uploads\\\/2019\\\/06\\\/kayak-et-cabana-logo.png\",\"width\":200,\"height\":45,\"caption\":\"Kayak &amp; Cabana (Kayak Caf\u00e9)\"},\"image\":{\"@id\":\"https:\\\/\\\/kayak-cabana.com\\\/#\\\/schema\\\/logo\\\/image\\\/\"}}]}<\/script>\n<!-- \/ Yoast SEO plugin. -->","yoast_head_json":{"title":"Our installations - Kayak &amp; Cabana (Kayak Caf\u00e9)","robots":{"index":"index","follow":"follow","max-snippet":"max-snippet:-1","max-image-preview":"max-image-preview:large","max-video-preview":"max-video-preview:-1"},"canonical":"https:\/\/kayak-cabana.com\/our-installations\/","og_locale":"en_US","og_type":"article","og_title":"Our installations - Kayak &amp; Cabana (Kayak Caf\u00e9)","og_url":"https:\/\/kayak-cabana.com\/our-installations\/","og_site_name":"Kayak &amp; Cabana (Kayak Caf\u00e9)","article_modified_time":"2019-05-31T19:05:42+00:00","twitter_card":"summary_large_image","schema":{"@context":"https:\/\/schema.org","@graph":[{"@type":"WebPage","@id":"https:\/\/kayak-cabana.com\/our-installations\/","url":"https:\/\/kayak-cabana.com\/our-installations\/","name":"Our installations - Kayak &amp; Cabana (Kayak Caf\u00e9)","isPartOf":{"@id":"https:\/\/kayak-cabana.com\/#website"},"datePublished":"2019-05-31T19:05:08+00:00","dateModified":"2019-05-31T19:05:42+00:00","breadcrumb":{"@id":"https:\/\/kayak-cabana.com\/our-installations\/#breadcrumb"},"inLanguage":"en-CA","potentialAction":[{"@type":"ReadAction","target":["https:\/\/kayak-cabana.com\/our-installations\/"]}]},{"@type":"BreadcrumbList","@id":"https:\/\/kayak-cabana.com\/our-installations\/#breadcrumb","itemListElement":[{"@type":"ListItem","position":1,"name":"Home","item":"https:\/\/kayak-cabana.com\/"},{"@type":"ListItem","position":2,"name":"Nos installations"}]},{"@type":"WebSite","@id":"https:\/\/kayak-cabana.com\/#website","url":"https:\/\/kayak-cabana.com\/","name":"Kayak &amp; Cabana (Kayak Caf\u00e9)","description":"Excursions sur la rivi\u00e8re rouge et h\u00e9bergements insolites","publisher":{"@id":"https:\/\/kayak-cabana.com\/#organization"},"potentialAction":[{"@type":"SearchAction","target":{"@type":"EntryPoint","urlTemplate":"https:\/\/kayak-cabana.com\/?s={search_term_string}"},"query-input":{"@type":"PropertyValueSpecification","valueRequired":true,"valueName":"search_term_string"}}],"inLanguage":"en-CA"},{"@type":"Organization","@id":"https:\/\/kayak-cabana.com\/#organization","name":"Kayak &amp; Cabana (Kayak Caf\u00e9)","url":"https:\/\/kayak-cabana.com\/","logo":{"@type":"ImageObject","inLanguage":"en-CA","@id":"https:\/\/kayak-cabana.com\/#\/schema\/logo\/image\/","url":"https:\/\/kayak-cabana.com\/wp-content\/uploads\/2019\/06\/kayak-et-cabana-logo.png","contentUrl":"https:\/\/kayak-cabana.com\/wp-content\/uploads\/2019\/06\/kayak-et-cabana-logo.png","width":200,"height":45,"caption":"Kayak &amp; Cabana (Kayak Caf\u00e9)"},"image":{"@id":"https:\/\/kayak-cabana.com\/#\/schema\/logo\/image\/"}}]}},"_links":{"self":[{"href":"https:\/\/kayak-cabana.com\/ca\/wp-json\/wp\/v2\/pages\/969","targetHints":{"allow":["GET"]}}],"collection":[{"href":"https:\/\/kayak-cabana.com\/ca\/wp-json\/wp\/v2\/pages"}],"about":[{"href":"https:\/\/kayak-cabana.com\/ca\/wp-json\/wp\/v2\/types\/page"}],"author":[{"embeddable":true,"href":"https:\/\/kayak-cabana.com\/ca\/wp-json\/wp\/v2\/users\/2"}],"replies":[{"embeddable":true,"href":"https:\/\/kayak-cabana.com\/ca\/wp-json\/wp\/v2\/comments?post=969"}],"version-history":[{"count":3,"href":"https:\/\/kayak-cabana.com\/ca\/wp-json\/wp\/v2\/pages\/969\/revisions"}],"predecessor-version":[{"id":972,"href":"https:\/\/kayak-cabana.com\/ca\/wp-json\/wp\/v2\/pages\/969\/revisions\/972"}],"wp:attachment":[{"href":"https:\/\/kayak-cabana.com\/ca\/wp-json\/wp\/v2\/media?parent=969"}],"curies":[{"name":"wp","href":"https:\/\/api.w.org\/{rel}","templated":true}]}}