{"id":95,"date":"2018-06-27T13:49:01","date_gmt":"2018-06-27T13:49:01","guid":{"rendered":"https:\/\/beta.kayak-cabana.com\/?page_id=95"},"modified":"2025-05-21T18:27:55","modified_gmt":"2025-05-21T18:27:55","slug":"contact-kayak-cabana","status":"publish","type":"page","link":"https:\/\/kayak-cabana.com\/ca\/contact\/","title":{"rendered":"Contact us"},"content":{"rendered":"<p>[vc_row full_width=&#8221;stretch_row_content_no_spaces&#8221;][vc_column][vc_column_text]<iframe loading=\"lazy\" style=\"border: 0;\" src=\"https:\/\/www.google.com\/maps\/embed?pb=!1m18!1m12!1m3!1d921888.4185990426!2d-74.9030435340371!3d45.894347080742996!2m3!1f0!2f0!3f0!3m2!1i1024!2i768!4f13.1!3m3!1m2!1s0x4ccf853d3ca0e40b%3A0xbe47598f081d93b8!2sKayak+Caf%C3%A9+-+Rafting+and+traditional+lodging!5e0!3m2!1sen!2sca!4v1530109670748\" width=\"100%\" height=\"450\" frameborder=\"0\" allowfullscreen=\"allowfullscreen\"><\/iframe>[\/vc_column_text][\/vc_column][\/vc_row][vc_row][vc_column][vc_column_text]<\/p>\n<h2 style=\"text-align: center;\">Contact us<\/h2>\n<p>[\/vc_column_text][\/vc_column][\/vc_row][vc_row content_placement=&#8221;middle&#8221;][vc_column width=&#8221;1\/2&#8243;][vc_single_image image=&#8221;254&#8243; img_size=&#8221;full&#8221; style=&#8221;vc_box_shadow&#8221;][\/vc_column][vc_column width=&#8221;1\/2&#8243;][vc_column_text css=&#8221;.vc_custom_1581440449726{padding-left: 20px !important;}&#8221;]<\/p>\n<p class=\"mb0\"><strong>Phone :\u00a0<\/strong><a href=\"tel:819-686-1111\">819-686-1111<\/a><\/p>\n<p class=\"mb0\"><strong>Email :\u00a0<\/strong><a href=\"mailto:info@kayak-cabana.com\">info@kayak-cabana.com<\/a><\/p>\n<p>&nbsp;<\/p>\n<p class=\"mb0\"><strong>Address :<\/strong><\/p>\n<p class=\"mb32\">2202 chemin du moulin<br \/>\nLabelle (Tremblant), Qu\u00e9bec J0T 1H0<\/p>\n<p>Located 1h30 from Montreal and\u00a0 15 minutes from Mont-Tremblant, Kayak &#038; Cabana is easily accessible by Highway 117.[\/vc_column_text][\/vc_column][\/vc_row]<\/p>\n","protected":false},"excerpt":{"rendered":"<p>[vc_row full_width=&#8221;stretch_row_content_no_spaces&#8221;][vc_column][vc_column_text][\/vc_column_text][\/vc_column][\/vc_row][vc_row][vc_column][vc_column_text] Contact us [\/vc_column_text][\/vc_column][\/vc_row][vc_row content_placement=&#8221;middle&#8221;][vc_column width=&#8221;1\/2&#8243;][vc_single_image image=&#8221;254&#8243; img_size=&#8221;full&#8221; style=&#8221;vc_box_shadow&#8221;][\/vc_column][vc_column width=&#8221;1\/2&#8243;][vc_column_text css=&#8221;.vc_custom_1581440449726{padding-left: 20px !important;}&#8221;] Phone :\u00a0819-686-1111 Email :\u00a0info@kayak-cabana.com &nbsp; Address : 2202 chemin du moulin Labelle (Tremblant), Qu\u00e9bec J0T 1H0 Located 1h30 from Montreal and\u00a0 15 minutes from Mont-Tremblant, Kayak &#038; Cabana is easily accessible by Highway 117.[\/vc_column_text][\/vc_column][\/vc_row]<\/p>\n","protected":false},"author":2,"featured_media":0,"parent":0,"menu_order":0,"comment_status":"closed","ping_status":"closed","template":"page-templates\/full-width.php","meta":{"footnotes":""},"class_list":["post-95","page","type-page","status-publish","hentry"],"yoast_head":"<!-- This site is optimized with the Yoast SEO plugin v24.9 - https:\/\/yoast.com\/wordpress\/plugins\/seo\/ -->\n<title>Contactez Kayak &amp; Cabana | H\u00e9bergement insolite<\/title>\n<meta name=\"description\" content=\"Vous avez des questions ou souhaitez r\u00e9server un h\u00e9bergement insolite ou La Descente de la rivi\u00e8re Rouge? \u00c9crivez-nous et notre \u00e9quipe vous aidera avec plaisir.\" \/>\n<meta name=\"robots\" content=\"index, follow, max-snippet:-1, max-image-preview:large, max-video-preview:-1\" \/>\n<link rel=\"canonical\" href=\"https:\/\/kayak-cabana.com\/contact-kayak-cabana\/\" \/>\n<meta property=\"og:locale\" content=\"en_US\" \/>\n<meta property=\"og:type\" content=\"article\" \/>\n<meta property=\"og:title\" content=\"Contactez-nous pour r\u00e9server votre escapade en nature!\" \/>\n<meta property=\"og:description\" content=\"Offrez-vous une escapade unique dans les Laurentides; dormez dans nos h\u00e9bergements insolites et explorez la rivi\u00e8re Rouge en kayak, paddle board ou canot.\" \/>\n<meta property=\"og:url\" content=\"https:\/\/kayak-cabana.com\/contact-kayak-cabana\/\" \/>\n<meta property=\"og:site_name\" content=\"Kayak &amp; Cabana (Kayak Caf\u00e9)\" \/>\n<meta property=\"article:modified_time\" content=\"2025-05-21T18:27:55+00:00\" \/>\n<meta property=\"og:image\" content=\"https:\/\/kayak-cabana.com\/wp-content\/uploads\/2025\/05\/Fog-og1.png\" \/>\n\t<meta property=\"og:image:width\" content=\"1200\" \/>\n\t<meta property=\"og:image:height\" content=\"630\" \/>\n\t<meta property=\"og:image:type\" content=\"image\/png\" \/>\n<meta name=\"twitter:card\" content=\"summary_large_image\" \/>\n<meta name=\"twitter:title\" content=\"Contactez-nous pour r\u00e9server votre escapade en nature!\" \/>\n<meta name=\"twitter:description\" content=\"Offrez-vous une escapade unique dans les Laurentides; dormez dans nos h\u00e9bergements insolites et explorez la rivi\u00e8re Rouge en kayak, paddle board ou canot.\" \/>\n<meta name=\"twitter:image\" content=\"https:\/\/kayak-cabana.com\/wp-content\/uploads\/2025\/05\/Fog-og1.png\" \/>\n<meta name=\"twitter:label1\" content=\"Est. reading time\" \/>\n\t<meta name=\"twitter:data1\" content=\"1 minute\" \/>\n<script type=\"application\/ld+json\" class=\"yoast-schema-graph\">{\"@context\":\"https:\/\/schema.org\",\"@graph\":[{\"@type\":\"WebPage\",\"@id\":\"https:\/\/kayak-cabana.com\/contact-kayak-cabana\/\",\"url\":\"https:\/\/kayak-cabana.com\/contact-kayak-cabana\/\",\"name\":\"Contactez Kayak & Cabana | H\u00e9bergement insolite\",\"isPartOf\":{\"@id\":\"https:\/\/kayak-cabana.com\/#website\"},\"datePublished\":\"2018-06-27T13:49:01+00:00\",\"dateModified\":\"2025-05-21T18:27:55+00:00\",\"description\":\"Vous avez des questions ou souhaitez r\u00e9server un h\u00e9bergement insolite ou La Descente de la rivi\u00e8re Rouge? \u00c9crivez-nous et notre \u00e9quipe vous aidera avec plaisir.\",\"breadcrumb\":{\"@id\":\"https:\/\/kayak-cabana.com\/contact-kayak-cabana\/#breadcrumb\"},\"inLanguage\":\"en-CA\",\"potentialAction\":[{\"@type\":\"ReadAction\",\"target\":[\"https:\/\/kayak-cabana.com\/contact-kayak-cabana\/\"]}]},{\"@type\":\"BreadcrumbList\",\"@id\":\"https:\/\/kayak-cabana.com\/contact-kayak-cabana\/#breadcrumb\",\"itemListElement\":[{\"@type\":\"ListItem\",\"position\":1,\"name\":\"Home\",\"item\":\"https:\/\/kayak-cabana.com\/\"},{\"@type\":\"ListItem\",\"position\":2,\"name\":\"Nous joindre\"}]},{\"@type\":\"WebSite\",\"@id\":\"https:\/\/kayak-cabana.com\/#website\",\"url\":\"https:\/\/kayak-cabana.com\/\",\"name\":\"Kayak & Cabana (Kayak Caf\u00e9)\",\"description\":\"Excursions sur la rivi\u00e8re rouge et h\u00e9bergements insolites\",\"publisher\":{\"@id\":\"https:\/\/kayak-cabana.com\/#organization\"},\"potentialAction\":[{\"@type\":\"SearchAction\",\"target\":{\"@type\":\"EntryPoint\",\"urlTemplate\":\"https:\/\/kayak-cabana.com\/?s={search_term_string}\"},\"query-input\":{\"@type\":\"PropertyValueSpecification\",\"valueRequired\":true,\"valueName\":\"search_term_string\"}}],\"inLanguage\":\"en-CA\"},{\"@type\":\"Organization\",\"@id\":\"https:\/\/kayak-cabana.com\/#organization\",\"name\":\"Kayak & Cabana (Kayak Caf\u00e9)\",\"url\":\"https:\/\/kayak-cabana.com\/\",\"logo\":{\"@type\":\"ImageObject\",\"inLanguage\":\"en-CA\",\"@id\":\"https:\/\/kayak-cabana.com\/#\/schema\/logo\/image\/\",\"url\":\"https:\/\/kayak-cabana.com\/wp-content\/uploads\/2019\/06\/kayak-et-cabana-logo.png\",\"contentUrl\":\"https:\/\/kayak-cabana.com\/wp-content\/uploads\/2019\/06\/kayak-et-cabana-logo.png\",\"width\":200,\"height\":45,\"caption\":\"Kayak & Cabana (Kayak Caf\u00e9)\"},\"image\":{\"@id\":\"https:\/\/kayak-cabana.com\/#\/schema\/logo\/image\/\"}}]}<\/script>\n<!-- \/ Yoast SEO plugin. -->","yoast_head_json":{"title":"Contactez Kayak & Cabana | H\u00e9bergement insolite","description":"Vous avez des questions ou souhaitez r\u00e9server un h\u00e9bergement insolite ou La Descente de la rivi\u00e8re Rouge? \u00c9crivez-nous et notre \u00e9quipe vous aidera avec plaisir.","robots":{"index":"index","follow":"follow","max-snippet":"max-snippet:-1","max-image-preview":"max-image-preview:large","max-video-preview":"max-video-preview:-1"},"canonical":"https:\/\/kayak-cabana.com\/contact-kayak-cabana\/","og_locale":"en_US","og_type":"article","og_title":"Contactez-nous pour r\u00e9server votre escapade en nature!","og_description":"Offrez-vous une escapade unique dans les Laurentides; dormez dans nos h\u00e9bergements insolites et explorez la rivi\u00e8re Rouge en kayak, paddle board ou canot.","og_url":"https:\/\/kayak-cabana.com\/contact-kayak-cabana\/","og_site_name":"Kayak & Cabana (Kayak Caf\u00e9)","article_modified_time":"2025-05-21T18:27:55+00:00","og_image":[{"width":1200,"height":630,"url":"https:\/\/kayak-cabana.com\/wp-content\/uploads\/2025\/05\/Fog-og1.png","type":"image\/png"}],"twitter_card":"summary_large_image","twitter_title":"Contactez-nous pour r\u00e9server votre escapade en nature!","twitter_description":"Offrez-vous une escapade unique dans les Laurentides; dormez dans nos h\u00e9bergements insolites et explorez la rivi\u00e8re Rouge en kayak, paddle board ou canot.","twitter_image":"https:\/\/kayak-cabana.com\/wp-content\/uploads\/2025\/05\/Fog-og1.png","twitter_misc":{"Est. reading time":"1 minute"},"schema":{"@context":"https:\/\/schema.org","@graph":[{"@type":"WebPage","@id":"https:\/\/kayak-cabana.com\/contact-kayak-cabana\/","url":"https:\/\/kayak-cabana.com\/contact-kayak-cabana\/","name":"Contactez Kayak & Cabana | H\u00e9bergement insolite","isPartOf":{"@id":"https:\/\/kayak-cabana.com\/#website"},"datePublished":"2018-06-27T13:49:01+00:00","dateModified":"2025-05-21T18:27:55+00:00","description":"Vous avez des questions ou souhaitez r\u00e9server un h\u00e9bergement insolite ou La Descente de la rivi\u00e8re Rouge? \u00c9crivez-nous et notre \u00e9quipe vous aidera avec plaisir.","breadcrumb":{"@id":"https:\/\/kayak-cabana.com\/contact-kayak-cabana\/#breadcrumb"},"inLanguage":"en-CA","potentialAction":[{"@type":"ReadAction","target":["https:\/\/kayak-cabana.com\/contact-kayak-cabana\/"]}]},{"@type":"BreadcrumbList","@id":"https:\/\/kayak-cabana.com\/contact-kayak-cabana\/#breadcrumb","itemListElement":[{"@type":"ListItem","position":1,"name":"Home","item":"https:\/\/kayak-cabana.com\/"},{"@type":"ListItem","position":2,"name":"Nous joindre"}]},{"@type":"WebSite","@id":"https:\/\/kayak-cabana.com\/#website","url":"https:\/\/kayak-cabana.com\/","name":"Kayak & Cabana (Kayak Caf\u00e9)","description":"Excursions sur la rivi\u00e8re rouge et h\u00e9bergements insolites","publisher":{"@id":"https:\/\/kayak-cabana.com\/#organization"},"potentialAction":[{"@type":"SearchAction","target":{"@type":"EntryPoint","urlTemplate":"https:\/\/kayak-cabana.com\/?s={search_term_string}"},"query-input":{"@type":"PropertyValueSpecification","valueRequired":true,"valueName":"search_term_string"}}],"inLanguage":"en-CA"},{"@type":"Organization","@id":"https:\/\/kayak-cabana.com\/#organization","name":"Kayak & Cabana (Kayak Caf\u00e9)","url":"https:\/\/kayak-cabana.com\/","logo":{"@type":"ImageObject","inLanguage":"en-CA","@id":"https:\/\/kayak-cabana.com\/#\/schema\/logo\/image\/","url":"https:\/\/kayak-cabana.com\/wp-content\/uploads\/2019\/06\/kayak-et-cabana-logo.png","contentUrl":"https:\/\/kayak-cabana.com\/wp-content\/uploads\/2019\/06\/kayak-et-cabana-logo.png","width":200,"height":45,"caption":"Kayak & Cabana (Kayak Caf\u00e9)"},"image":{"@id":"https:\/\/kayak-cabana.com\/#\/schema\/logo\/image\/"}}]}},"_links":{"self":[{"href":"https:\/\/kayak-cabana.com\/ca\/wp-json\/wp\/v2\/pages\/95","targetHints":{"allow":["GET"]}}],"collection":[{"href":"https:\/\/kayak-cabana.com\/ca\/wp-json\/wp\/v2\/pages"}],"about":[{"href":"https:\/\/kayak-cabana.com\/ca\/wp-json\/wp\/v2\/types\/page"}],"author":[{"embeddable":true,"href":"https:\/\/kayak-cabana.com\/ca\/wp-json\/wp\/v2\/users\/2"}],"replies":[{"embeddable":true,"href":"https:\/\/kayak-cabana.com\/ca\/wp-json\/wp\/v2\/comments?post=95"}],"version-history":[{"count":58,"href":"https:\/\/kayak-cabana.com\/ca\/wp-json\/wp\/v2\/pages\/95\/revisions"}],"predecessor-version":[{"id":3774,"href":"https:\/\/kayak-cabana.com\/ca\/wp-json\/wp\/v2\/pages\/95\/revisions\/3774"}],"wp:attachment":[{"href":"https:\/\/kayak-cabana.com\/ca\/wp-json\/wp\/v2\/media?parent=95"}],"curies":[{"name":"wp","href":"https:\/\/api.w.org\/{rel}","templated":true}]}}