{"id":7,"date":"2025-05-15T17:22:31","date_gmt":"2025-05-15T17:22:31","guid":{"rendered":"https:\/\/beta.kayak-cabana.com\/index.php\/front-page-2\/"},"modified":"2026-02-12T12:23:56","modified_gmt":"2026-02-12T12:23:56","slug":"7-2","status":"publish","type":"page","link":"https:\/\/kayak-cabana.com\/ca\/","title":{"rendered":"Home"},"content":{"rendered":"<p>[vc_row full_width=&#8221;stretch_row_content_no_spaces&#8221;][vc_column][rev_slider_vc alias=&#8221;home&#8221;][\/vc_column][\/vc_row][vc_row full_width=&#8221;stretch_row_content&#8221;][vc_column width=&#8221;1\/4&#8243;][\/vc_column][vc_column width=&#8221;1\/2&#8243;][vc_column_text]<\/p>\n<h1 style=\"text-align: center;\">Unique lodging in the Laurentians<br \/>\nand kayak, paddleboard(SUP) and canoe rentals<\/h1>\n<p style=\"text-align: left;\">Kayak &#038; Cabana is a <a title=\"Unique Lodging\" href=\"https:\/\/kayak-cabana.com\/ca\/laurentians-wood-cabins\/\">unique glamping and outdoor accommodation destination<\/a> in the Laurentians, located on the scenic banks of the Rouge River, just minutes from Mont-Tremblant, Quebec. Offering four-season riverside cabins, the site combines comfort, simplicity, and nature, creating an ideal setting for guests seeking a peaceful nature retreat.<\/p>\n<p style=\"text-align: left;\">Designed for couples and solo travelers, Kayak &#038; Cabana invites visitors to slow down, unplug, and reconnect with nature in a quiet, off-grid environment. Each cabin is thoughtfully equipped to provide a comfortable stay while maintaining a minimalist, eco-conscious approach.<\/p>\n<p style=\"text-align: left;\">During the summer season, Kayak &#038; Cabana offers <a title=\"Kayak, paddle board, and canoe rentals\" href=\"https:\/\/kayak-cabana.com\/ca\/excursions-de-canot-kayak-et-sup\/\">kayak, canoe, and paddleboard rentals<\/a> on the Rouge River, a calm and accessible waterway known for its sandy beaches and gentle current, perfect for beginners and families. Guests can enjoy a self-guided river descent surrounded by the natural beauty of the Laurentians.<\/p>\n<p style=\"text-align: left;\">Located just a few kilometers from the renowned Mont-Tremblant resort, Kayak &#038; Cabana enjoys a prime location in the heart of the Laurentians, offering easy access to year-round outdoor activities. Whether you\u2019re an outdoor enthusiast seeking adventure or looking for a peaceful nature retreat, Kayak &#038; Cabana is the perfect place to experience a unique stay in the Laurentians and reconnect with nature.<\/p>\n<p>[\/vc_column_text][\/vc_column][vc_column width=&#8221;1\/4&#8243;][\/vc_column][\/vc_row][vc_row full_width=&#8221;stretch_row&#8221; parallax=&#8221;content-moving-fade&#8221; parallax_image=&#8221;1478&#8243; parallax_speed_bg=&#8221;2&#8243; css=&#8221;.vc_custom_1560798044897{margin-top: -10px !important;margin-bottom: 0px !important;padding-top: 35px !important;padding-bottom: 55px !important;background-color: #ffffff !important;}&#8221;][vc_column][vc_column_text el_class=&#8221;blanc&#8221;]<\/p>\n<h2 style=\"text-align: center;\">Red River descent<\/h2>\n<h2 style=\"text-align: center;\"><\/h2>\n<p>[\/vc_column_text][vc_btn title=&#8221;R\u00e9servez&#8221; style=&#8221;classic&#8221; shape=&#8221;square&#8221; color=&#8221;blue&#8221; align=&#8221;center&#8221; link=&#8221;url:https%3A%2F%2Ffareharbor.com%2Fembeds%2Fbook%2Fkayak-cafe%2F%3Ffull-items%3Dyes%26flow%3D201556|title:Activit%C3%A9s%20%C3%A0%20proximit%C3%A9||&#8221;][vc_row_inner][vc_column_inner][\/vc_column_inner][\/vc_row_inner][\/vc_column][\/vc_row][vc_row full_width=&#8221;stretch_row_content&#8221; css=&#8221;.vc_custom_1748872653163{padding-top: 25px !important;background-color: #f5f5f5 !important;}&#8221;][vc_column width=&#8221;1\/6&#8243;][\/vc_column][vc_column width=&#8221;2\/3&#8243;][vc_column_text]<\/p>\n<h3 style=\"text-align: center;\">Combine your trip down the Red River<\/h3>\n<p>[\/vc_column_text][vc_column_text css=&#8221;.vc_custom_1770756191378{margin-top: -20px !important;}&#8221;]<\/p>\n<h3 style=\"text-align: center;\">with a stay in our wilderness lodges!<\/h3>\n<p>[\/vc_column_text][\/vc_column][vc_column width=&#8221;1\/6&#8243;][\/vc_column][\/vc_row][vc_row full_width=&#8221;stretch_row_content&#8221; content_placement=&#8221;middle&#8221; css=&#8221;.vc_custom_1748873059876{margin-top: -30px !important;padding-bottom: 55px !important;background-color: #f5f5f5 !important;}&#8221;][vc_column width=&#8221;1\/3&#8243;][vc_single_image image=&#8221;1349&#8243; img_size=&#8221;large&#8221; alignment=&#8221;center&#8221;][vc_column_text]<\/p>\n<h3 style=\"text-align: center;\">Berger&#8217;s Wagons<\/h3>\n<p style=\"text-align: center;\">Enjoy the waterfront in unique<br \/>\nand comfortable accommodation.<\/p>\n<p>[\/vc_column_text][vc_btn title=&#8221;Book now&#8221; style=&#8221;custom&#8221; custom_background=&#8221;#7c6d3b&#8221; custom_text=&#8221;#ffffff&#8221; shape=&#8221;square&#8221; align=&#8221;center&#8221; link=&#8221;url:https%3A%2F%2Fkayak-cabana.com%2Fca%2Fshepherd-hut%2F|||&#8221; css=&#8221;.vc_custom_1770811633769{margin-right: 20px !important;margin-left: 20px !important;}&#8221;][\/vc_column][vc_column width=&#8221;1\/3&#8243;][vc_single_image image=&#8221;22&#8243; img_size=&#8221;large&#8221; alignment=&#8221;center&#8221;][vc_column_text]<\/p>\n<h3 style=\"text-align: center;\">La Cabana<\/h3>\n<p style=\"text-align: center;\">Perched on a rock, you can admire<br \/>\na splendid view of the forest.<\/p>\n<p>[\/vc_column_text][vc_btn title=&#8221;Book now&#8221; style=&#8221;custom&#8221; custom_background=&#8221;#7c6d3b&#8221; custom_text=&#8221;#ffffff&#8221; shape=&#8221;square&#8221; align=&#8221;center&#8221; link=&#8221;url:https%3A%2F%2Fkayak-cabana.com%2Fca%2Fwood-cabin-cabana%2F|||&#8221; css=&#8221;.vc_custom_1770811639178{margin-right: 20px !important;margin-left: 20px !important;}&#8221;][\/vc_column][vc_column width=&#8221;1\/3&#8243;][vc_single_image image=&#8221;245&#8243; img_size=&#8221;large&#8221; alignment=&#8221;center&#8221;][vc_column_text]<\/p>\n<h3 style=\"text-align: center;\">Canot-Kayak-Sup<\/h3>\n<p style=\"text-align: center;\">12 km route on the Red River<br \/>\nstarting from Labelle.<\/p>\n<p>[\/vc_column_text][vc_btn title=&#8221;Book now&#8221; style=&#8221;custom&#8221; custom_background=&#8221;#7c6d3b&#8221; custom_text=&#8221;#ffffff&#8221; shape=&#8221;square&#8221; align=&#8221;center&#8221; link=&#8221;url:https%3A%2F%2Ffareharbor.com%2Fembeds%2Fbook%2Fkayak-cafe%2F%3Ffull-items%3Dyes%26flow%3D201556|title:Les%20Wagons%20de%20Berger||&#8221; css=&#8221;.vc_custom_1770811645045{margin-right: 20px !important;margin-left: 20px !important;}&#8221;][\/vc_column][\/vc_row][vc_row full_width=&#8221;stretch_row_content_no_spaces&#8221; css=&#8221;.vc_custom_1717069429539{margin-top: -35px !important;margin-bottom: 0px !important;border-top-width: 0px !important;border-bottom-width: 0px !important;padding-top: 0px !important;padding-bottom: 0px !important;}&#8221;][vc_column][vc_raw_html css=&#8221;.vc_custom_1770756730409{margin-top: 0px !important;margin-bottom: 0px !important;border-top-width: 0px !important;border-bottom-width: 0px !important;padding-top: 0px !important;padding-bottom: 0px !important;}&#8221;]JTNDZGl2JTIwY2xhc3MlM0QlMjJ2Y19yb3clMjB3cGJfcm93JTIwdmNfcm93LWZsdWlkJTIyJTNFJTBBJTA5JTNDZGl2JTIwY2xhc3MlM0QlMjJ3cGJfY29sdW1uJTIwdmNfY29sdW1uX2NvbnRhaW5lciUyMHZjX2NvbC1zbS02JTIyJTNFJTBBJTA5JTA5JTNDc2VjdGlvbiUyMGNsYXNzJTNEJTIyY2ZhLXNlY3Rpb24lMjBiZy1zZWNvbmRhcnkyJTIwdGV4dC1jZW50ZXIlMjIlMjBzdHlsZSUzRCUyMmJhY2tncm91bmQtaW1hZ2UlM0ElMjB1cmwlMjhodHRwcyUzQSUyRiUyRmtheWFrLWNhYmFuYS5jb20lMkZ3cC1jb250ZW50JTJGdXBsb2FkcyUyRjIwMTglMkYxMiUyRmNhYmFuYS1wcm9maWwuanBnJTI5JTNCJTIyJTNFJTBBJTA5JTA5JTA5JTNDaDMlMjBjbGFzcyUzRCUyMmNmYS10ZXh0JTIyJTNFR2lmdCUyMENlcnRpZmljYXRlJTIwLSUyMEFjY29tbW9kYXRpb24lM0MlMkZoMyUzRSUwQSUwOSUwOSUwOSUzQ2gzJTIwY2xhc3MlM0QlMjJjZmEtdGV4dCUyMiUyMHN0eWxlJTNEJTIyZm9udC1zaXplJTNBJTIwMjVweCUzQmxpbmUtaGVpZ2h0JTNBJTIwMzdweCUzQiUyMiUyMCUzRWNvbnRhY3QlMjB1cyUyMGF0JTNDJTJGaDMlM0UlMEElM0NoMyUyMGNsYXNzJTNEJTIyY2ZhLXRleHQlMjIlMjBzdHlsZSUzRCUyMmZvbnQtc2l6ZSUzQSUyMDI1cHglM0JsaW5lLWhlaWdodCUzQSUyMDM3cHglM0IlMjIlMjAlM0UlM0NhJTIwaHJlZiUzRCUyMnRlbCUzQTgxOS02ODYtMTExMSUyMiUyMHN0eWxlJTNEJTIyY29sb3IlM0ElMjB3aGl0ZSUzQiUyMiUzRTgxOS02ODYtMTExMSUzQyUyRmElM0UlM0MlMkZoMyUzRSUwQSUwOSUwOSUzQyUyRnNlY3Rpb24lM0UlMEElMDklM0MlMkZkaXYlM0UlMEElMDklM0NkaXYlMjBjbGFzcyUzRCUyMndwYl9jb2x1bW4lMjB2Y19jb2x1bW5fY29udGFpbmVyJTIwdmNfY29sLXNtLTYlMjIlM0UlMEElMDklMDklM0NzZWN0aW9uJTIwY2xhc3MlM0QlMjJjZmEtc2VjdGlvbiUyMGJnLXNlY29uZGFyeTIlMjB0ZXh0LWNlbnRlciUyMiUyMHN0eWxlJTNEJTIyYmFja2dyb3VuZC1pbWFnZSUzQSUyMHVybCUyOGh0dHBzJTNBJTJGJTJGa2F5YWstY2FiYW5hLmNvbSUyRndwLWNvbnRlbnQlMkZ1cGxvYWRzJTJGMjAxOSUyRjA2JTJGc2xpZGVyLWNhbm90LmpwZyUyOSUzQiUyMiUzRSUwQSUwOSUwOSUwOSUzQ2gzJTIwY2xhc3MlM0QlMjJjZmEtdGV4dCUyMiUyMHN0eWxlJTNEJTIybWFyZ2luLWJvdHRvbSUzQTIwcHglMjIlM0VSZWQlMjBSaXZlciUyMFJhZnRpbmclMjBHaWZ0JTIwQ2VydGlmaWNhdGUlM0MlMkZoMyUzRSUwQSUwOSUwOSUwOSUzQ2RpdiUyMGNsYXNzJTNEJTIyJTIwdGV4dC1jZW50ZXIlMjIlM0UlM0NhJTIwaHJlZiUzRCUyMmh0dHBzJTNBJTJGJTJGZmFyZWhhcmJvci5jb20lMkZlbWJlZHMlMkZib29rJTJGa2F5YWstY2FmZSUyRiUzRmZ1bGwtaXRlbXMlM0R5ZXMlMjZmbG93JTNEMjAxNTU2JTIyJTIwY2xhc3MlM0QlMjJtYjAlMjBidG4lMjBidG4tbGclMjBidG4tZmlsbGVkJTIwY2ZhLWJ1dHRvbiUyMiUyMHN0eWxlJTNEJTIyd2lkdGglM0EyMjBweCUzQiUyMiUzRUxlYXJuJTIwbW9yZSUzQyUyRmElM0UlM0MlMkZkaXYlM0UlMEElMDklMDklM0MlMkZzZWN0aW9uJTNFJTBBJTA5JTNDJTJGZGl2JTNFJTBBJTNDJTJGZGl2JTNFJTA5[\/vc_raw_html][\/vc_column][\/vc_row][vc_row full_width=&#8221;stretch_row_content&#8221; css=&#8221;.vc_custom_1748872834847{padding-top: 30px !important;padding-bottom: 30px !important;background-color: #e2e2e2 !important;}&#8221;][vc_column width=&#8221;1\/6&#8243;][\/vc_column][vc_column width=&#8221;2\/3&#8243;][vc_column_text]<\/p>\n<h3 style=\"text-align: center;\">Testimonials<\/h3>\n<p>[\/vc_column_text][vc_separator color=&#8221;custom&#8221; el_width=&#8221;10&#8243; css=&#8221;.vc_custom_1560543335027{margin-top: -15px !important;margin-bottom: 55px !important;}&#8221; accent_color=&#8221;#474747&#8243;][vc_column_text]<style type='text\/css' media='all'>#tss-container-1673426711.tss-wrapper .tss-layout10 .item-content-wrapper,\r\n\t\t\t\t\t#tss-container-1673426711.tss-wrapper .tss-isotope3 .item-content-wrapper,\r\n\t\t\t\t\t#tss-container-1673426711.tss-wrapper .tss-isotope5 .item-content-wrapper,\r\n\t\t\t\t\t#tss-container-1673426711.tss-wrapper .tss-carousel10 .item-content-wrapper{background: transparent;}<\/style><div class='rt-container-fluid tss-wrapper ' id='tss-container-1673426711'  data-layout='carousel3' data-desktop-col='1'  data-tab-col='2'  data-mobile-col='1'><div data-title='Loading ...' class='rt-row tss-carousel3 tss-even tss-pre-loader'><div class=\"carousel-wrapper\"><div  class='tss-carousel swiper'\r\n\t\t\t\t\t\t\t\t\t\tdata-loop='true'\r\n\t\t\t\t\t\t\t\t\t\tdata-items-desktop='1'\r\n\t\t\t\t\t\t\t\t\t\tdata-items-tab='2'\r\n\t\t\t\t\t\t\t\t\t\tdata-items-mobile='1'\r\n\t\t\t\t\t\t\t\t\t\tdata-autoplay='true'\r\n\t\t\t\t\t\t\t\t\t\tdata-autoplay-timeout='5000'\r\n\t\t\t\t\t\t\t\t\t\tdata-autoplay-hover-pause='false'\r\n\t\t\t\t\t\t\t\t\t\tdata-dots='true'\r\n\t\t\t\t\t\t\t\t\t\tdata-nav='false'\r\n\t\t\t\t\t\t\t\t\t\tdata-lazy-load='false'\r\n\t\t\t\t\t\t\t\t\t\tdata-auto-height='false'\r\n\t\t\t\t\t\t\t\t\t\tdata-smart-speed='7000'\r\n\t\t\t\t\t\t\t\t\t\t><div class=\"swiper-wrapper\"><div class='rt-col-md-12 rt-col-sm-12 rt-col-xs-12 even-grid-item tss-grid-item slide-item swiper-slide even-grid-item no-margin'><div class=\"single-item-wrapper\"><div class=\"tss-meta-info\"><\/div><h3 class='author-name'>Benja Meis<\/h3><div class=\"item-content-wrapper\"><div class='item-content'>\u201cWe went during winter and found this place well organized and they provide almost everything you need. Plenty of trails and tons of opportunities to view wildlife. I highly recommend this place to all outdoor lovers.\u201d\r\n\r\n&nbsp;<\/div><\/div><\/div><\/div><div class='rt-col-md-12 rt-col-sm-12 rt-col-xs-12 even-grid-item tss-grid-item slide-item swiper-slide even-grid-item no-margin'><div class=\"single-item-wrapper\"><div class=\"tss-meta-info\"><\/div><h3 class='author-name'>Mike Slinger<\/h3><div class=\"item-content-wrapper\"><div class='item-content'>\u201cGreat afternoon kayaking on the river. Great hosts, wonderful people. Definitely an experience worth taking part in.\u201d\r\n\r\n&nbsp;<\/div><\/div><\/div><\/div><div class='rt-col-md-12 rt-col-sm-12 rt-col-xs-12 even-grid-item tss-grid-item slide-item swiper-slide even-grid-item no-margin'><div class=\"single-item-wrapper\"><div class=\"tss-meta-info\"><\/div><h3 class='author-name'>Stephanie Vuilleumier<\/h3><div class=\"item-content-wrapper\"><div class='item-content'>\u201cWonderful time in the new Shepherd Wagon. We spend the night in a comfortable bed, all you need is in the nicely and simply decorated wagon. We had a nice dinner &amp; breakfast riverside and a lazy day kayaking on the beautiful Rivi\u00e8re Rouge.\u201d\r\n\r\n&nbsp;<\/div><\/div><\/div><\/div><\/div><div class=\"swiper-pagination\"><\/div><\/div><\/div><div class=\"rt-loading-overlay\"><\/div><div class=\"rt-loading rt-ball-clip-rotate\"><div><\/div><\/div><\/div><\/div>[\/vc_column_text][\/vc_column][vc_column width=&#8221;1\/6&#8243;][\/vc_column][\/vc_row][vc_row full_width=&#8221;stretch_row_content&#8221; css=&#8221;.vc_custom_1748873778306{margin-top: -35px !important;border-top-width: 0px !important;border-top-color: #ffffff !important;border-top-style: solid !important;}&#8221;][vc_column][vc_widget_sidebar sidebar_id=&#8221;sidebar-home&#8221;][\/vc_column][\/vc_row]<\/p>\n","protected":false},"excerpt":{"rendered":"<p>[vc_row full_width=&#8221;stretch_row_content_no_spaces&#8221;][vc_column][rev_slider_vc alias=&#8221;home&#8221;][\/vc_column][\/vc_row][vc_row full_width=&#8221;stretch_row_content&#8221;][vc_column width=&#8221;1\/4&#8243;][\/vc_column][vc_column width=&#8221;1\/2&#8243;][vc_column_text] Unique lodging in the Laurentians and kayak, paddleboard(SUP) and canoe rentals Kayak &#038; Cabana is a unique glamping and outdoor accommodation destination in the Laurentians, located on the scenic banks of the Rouge River, just minutes from Mont-Tremblant, Quebec. Offering four-season riverside cabins, the site combines comfort, simplicity, and<\/p>\n<div><a class=\"btn-filled btn\" href=\"https:\/\/kayak-cabana.com\/ca\/testimonial\/stephanie-vuilleumier\/\" title=\"Stephanie Vuilleumier\">Read More<\/a><\/div>\n","protected":false},"author":2,"featured_media":0,"parent":0,"menu_order":0,"comment_status":"closed","ping_status":"closed","template":"","meta":{"footnotes":""},"class_list":["post-7","page","type-page","status-publish","hentry"],"yoast_head":"<!-- This site is optimized with the Yoast SEO plugin v24.9 - https:\/\/yoast.com\/wordpress\/plugins\/seo\/ -->\n<title>Laurentians: Unusual lodging &amp; Rouge River descent<\/title>\n<meta name=\"description\" content=\"Treat yourself to unusual accommodation in the Laurentians. Rent a kayak and explore the Rouge River with Kayak &amp; Cabana.\" \/>\n<meta name=\"robots\" content=\"index, follow, max-snippet:-1, max-image-preview:large, max-video-preview:-1\" \/>\n<link rel=\"canonical\" href=\"https:\/\/kayak-cabana.com\/\" \/>\n<meta property=\"og:locale\" content=\"en_US\" \/>\n<meta property=\"og:type\" content=\"article\" \/>\n<meta property=\"og:title\" content=\"Une nuit\u00e9e insolite, une rivi\u00e8re \u00e0 explorer, des souvenirs \u00e0 cr\u00e9er.\" \/>\n<meta property=\"og:description\" content=\"S\u00e9journez dans un h\u00e9bergement unique au bord de l\u2019eau et explorez les paysages des Laurentides en kayak, canot ou paddle board sur la rivi\u00e8re Rouge.\" \/>\n<meta property=\"og:url\" content=\"https:\/\/kayak-cabana.com\/\" \/>\n<meta property=\"og:site_name\" content=\"Kayak &amp; Cabana (Kayak Caf\u00e9)\" \/>\n<meta property=\"article:modified_time\" content=\"2026-02-12T12:23:56+00:00\" \/>\n<meta property=\"og:image\" content=\"https:\/\/kayak-cabana.com\/wp-content\/uploads\/2025\/05\/hebergement-insolite-kayak-1.png\" \/>\n\t<meta property=\"og:image:width\" content=\"1080\" \/>\n\t<meta property=\"og:image:height\" content=\"608\" \/>\n\t<meta property=\"og:image:type\" content=\"image\/png\" \/>\n<meta name=\"twitter:card\" content=\"summary_large_image\" \/>\n<meta name=\"twitter:title\" content=\"Une nuit\u00e9e insolite, une rivi\u00e8re \u00e0 explorer, des souvenirs \u00e0 cr\u00e9er.\" \/>\n<meta name=\"twitter:description\" content=\"S\u00e9journez dans un h\u00e9bergement unique au bord de l\u2019eau et explorez les paysages des Laurentides en kayak, canot ou paddle board sur la rivi\u00e8re Rouge.\" \/>\n<meta name=\"twitter:image\" content=\"https:\/\/kayak-cabana.com\/wp-content\/uploads\/2025\/05\/hebergement-insolite-kayak-1.png\" \/>\n<meta name=\"twitter:label1\" content=\"Est. reading time\" \/>\n\t<meta name=\"twitter:data1\" content=\"3 minutes\" \/>\n<script type=\"application\/ld+json\" class=\"yoast-schema-graph\">{\"@context\":\"https:\/\/schema.org\",\"@graph\":[{\"@type\":\"WebPage\",\"@id\":\"https:\/\/kayak-cabana.com\/\",\"url\":\"https:\/\/kayak-cabana.com\/\",\"name\":\"Laurentians: Unusual lodging & Rouge River descent\",\"isPartOf\":{\"@id\":\"https:\/\/kayak-cabana.com\/#website\"},\"datePublished\":\"2025-05-15T17:22:31+00:00\",\"dateModified\":\"2026-02-12T12:23:56+00:00\",\"description\":\"Treat yourself to unusual accommodation in the Laurentians. Rent a kayak and explore the Rouge River with Kayak & Cabana.\",\"breadcrumb\":{\"@id\":\"https:\/\/kayak-cabana.com\/#breadcrumb\"},\"inLanguage\":\"en-CA\",\"potentialAction\":[{\"@type\":\"ReadAction\",\"target\":[\"https:\/\/kayak-cabana.com\/\"]}]},{\"@type\":\"BreadcrumbList\",\"@id\":\"https:\/\/kayak-cabana.com\/#breadcrumb\",\"itemListElement\":[{\"@type\":\"ListItem\",\"position\":1,\"name\":\"Home\",\"item\":\"https:\/\/kayak-cabana.com\/\"},{\"@type\":\"ListItem\",\"position\":2,\"name\":\"Accueil\"}]},{\"@type\":\"WebSite\",\"@id\":\"https:\/\/kayak-cabana.com\/#website\",\"url\":\"https:\/\/kayak-cabana.com\/\",\"name\":\"Kayak & Cabana (Kayak Caf\u00e9)\",\"description\":\"Excursions sur la rivi\u00e8re rouge et h\u00e9bergements insolites\",\"publisher\":{\"@id\":\"https:\/\/kayak-cabana.com\/#organization\"},\"potentialAction\":[{\"@type\":\"SearchAction\",\"target\":{\"@type\":\"EntryPoint\",\"urlTemplate\":\"https:\/\/kayak-cabana.com\/?s={search_term_string}\"},\"query-input\":{\"@type\":\"PropertyValueSpecification\",\"valueRequired\":true,\"valueName\":\"search_term_string\"}}],\"inLanguage\":\"en-CA\"},{\"@type\":\"Organization\",\"@id\":\"https:\/\/kayak-cabana.com\/#organization\",\"name\":\"Kayak & Cabana (Kayak Caf\u00e9)\",\"url\":\"https:\/\/kayak-cabana.com\/\",\"logo\":{\"@type\":\"ImageObject\",\"inLanguage\":\"en-CA\",\"@id\":\"https:\/\/kayak-cabana.com\/#\/schema\/logo\/image\/\",\"url\":\"https:\/\/kayak-cabana.com\/wp-content\/uploads\/2019\/06\/kayak-et-cabana-logo.png\",\"contentUrl\":\"https:\/\/kayak-cabana.com\/wp-content\/uploads\/2019\/06\/kayak-et-cabana-logo.png\",\"width\":200,\"height\":45,\"caption\":\"Kayak & Cabana (Kayak Caf\u00e9)\"},\"image\":{\"@id\":\"https:\/\/kayak-cabana.com\/#\/schema\/logo\/image\/\"}}]}<\/script>\n<!-- \/ Yoast SEO plugin. -->","yoast_head_json":{"title":"Laurentians: Unusual lodging & Rouge River descent","description":"Treat yourself to unusual accommodation in the Laurentians. Rent a kayak and explore the Rouge River with Kayak & Cabana.","robots":{"index":"index","follow":"follow","max-snippet":"max-snippet:-1","max-image-preview":"max-image-preview:large","max-video-preview":"max-video-preview:-1"},"canonical":"https:\/\/kayak-cabana.com\/","og_locale":"en_US","og_type":"article","og_title":"Une nuit\u00e9e insolite, une rivi\u00e8re \u00e0 explorer, des souvenirs \u00e0 cr\u00e9er.","og_description":"S\u00e9journez dans un h\u00e9bergement unique au bord de l\u2019eau et explorez les paysages des Laurentides en kayak, canot ou paddle board sur la rivi\u00e8re Rouge.","og_url":"https:\/\/kayak-cabana.com\/","og_site_name":"Kayak & Cabana (Kayak Caf\u00e9)","article_modified_time":"2026-02-12T12:23:56+00:00","og_image":[{"width":1080,"height":608,"url":"https:\/\/kayak-cabana.com\/wp-content\/uploads\/2025\/05\/hebergement-insolite-kayak-1.png","type":"image\/png"}],"twitter_card":"summary_large_image","twitter_title":"Une nuit\u00e9e insolite, une rivi\u00e8re \u00e0 explorer, des souvenirs \u00e0 cr\u00e9er.","twitter_description":"S\u00e9journez dans un h\u00e9bergement unique au bord de l\u2019eau et explorez les paysages des Laurentides en kayak, canot ou paddle board sur la rivi\u00e8re Rouge.","twitter_image":"https:\/\/kayak-cabana.com\/wp-content\/uploads\/2025\/05\/hebergement-insolite-kayak-1.png","twitter_misc":{"Est. reading time":"3 minutes"},"schema":{"@context":"https:\/\/schema.org","@graph":[{"@type":"WebPage","@id":"https:\/\/kayak-cabana.com\/","url":"https:\/\/kayak-cabana.com\/","name":"Laurentians: Unusual lodging & Rouge River descent","isPartOf":{"@id":"https:\/\/kayak-cabana.com\/#website"},"datePublished":"2025-05-15T17:22:31+00:00","dateModified":"2026-02-12T12:23:56+00:00","description":"Treat yourself to unusual accommodation in the Laurentians. Rent a kayak and explore the Rouge River with Kayak & Cabana.","breadcrumb":{"@id":"https:\/\/kayak-cabana.com\/#breadcrumb"},"inLanguage":"en-CA","potentialAction":[{"@type":"ReadAction","target":["https:\/\/kayak-cabana.com\/"]}]},{"@type":"BreadcrumbList","@id":"https:\/\/kayak-cabana.com\/#breadcrumb","itemListElement":[{"@type":"ListItem","position":1,"name":"Home","item":"https:\/\/kayak-cabana.com\/"},{"@type":"ListItem","position":2,"name":"Accueil"}]},{"@type":"WebSite","@id":"https:\/\/kayak-cabana.com\/#website","url":"https:\/\/kayak-cabana.com\/","name":"Kayak & Cabana (Kayak Caf\u00e9)","description":"Excursions sur la rivi\u00e8re rouge et h\u00e9bergements insolites","publisher":{"@id":"https:\/\/kayak-cabana.com\/#organization"},"potentialAction":[{"@type":"SearchAction","target":{"@type":"EntryPoint","urlTemplate":"https:\/\/kayak-cabana.com\/?s={search_term_string}"},"query-input":{"@type":"PropertyValueSpecification","valueRequired":true,"valueName":"search_term_string"}}],"inLanguage":"en-CA"},{"@type":"Organization","@id":"https:\/\/kayak-cabana.com\/#organization","name":"Kayak & Cabana (Kayak Caf\u00e9)","url":"https:\/\/kayak-cabana.com\/","logo":{"@type":"ImageObject","inLanguage":"en-CA","@id":"https:\/\/kayak-cabana.com\/#\/schema\/logo\/image\/","url":"https:\/\/kayak-cabana.com\/wp-content\/uploads\/2019\/06\/kayak-et-cabana-logo.png","contentUrl":"https:\/\/kayak-cabana.com\/wp-content\/uploads\/2019\/06\/kayak-et-cabana-logo.png","width":200,"height":45,"caption":"Kayak & Cabana (Kayak Caf\u00e9)"},"image":{"@id":"https:\/\/kayak-cabana.com\/#\/schema\/logo\/image\/"}}]}},"_links":{"self":[{"href":"https:\/\/kayak-cabana.com\/ca\/wp-json\/wp\/v2\/pages\/7","targetHints":{"allow":["GET"]}}],"collection":[{"href":"https:\/\/kayak-cabana.com\/ca\/wp-json\/wp\/v2\/pages"}],"about":[{"href":"https:\/\/kayak-cabana.com\/ca\/wp-json\/wp\/v2\/types\/page"}],"author":[{"embeddable":true,"href":"https:\/\/kayak-cabana.com\/ca\/wp-json\/wp\/v2\/users\/2"}],"replies":[{"embeddable":true,"href":"https:\/\/kayak-cabana.com\/ca\/wp-json\/wp\/v2\/comments?post=7"}],"version-history":[{"count":415,"href":"https:\/\/kayak-cabana.com\/ca\/wp-json\/wp\/v2\/pages\/7\/revisions"}],"predecessor-version":[{"id":3894,"href":"https:\/\/kayak-cabana.com\/ca\/wp-json\/wp\/v2\/pages\/7\/revisions\/3894"}],"wp:attachment":[{"href":"https:\/\/kayak-cabana.com\/ca\/wp-json\/wp\/v2\/media?parent=7"}],"curies":[{"name":"wp","href":"https:\/\/api.w.org\/{rel}","templated":true}]}}