{"id":3698,"date":"2025-05-15T17:08:09","date_gmt":"2025-05-15T17:08:09","guid":{"rendered":"https:\/\/kayak-cabana.com\/photos-videos-2\/"},"modified":"2025-05-15T17:08:09","modified_gmt":"2025-05-15T17:08:09","slug":"photos-videos-2","status":"publish","type":"page","link":"https:\/\/kayak-cabana.com\/ca\/photos-videos-2\/","title":{"rendered":"Photos &#038; Vid\u00e9os"},"content":{"rendered":"","protected":false},"excerpt":{"rendered":"","protected":false},"author":4,"featured_media":0,"parent":0,"menu_order":0,"comment_status":"open","ping_status":"open","template":"page-templates\/full-width.php","meta":{"footnotes":""},"class_list":["post-3698","page","type-page","status-publish","hentry"],"yoast_head":"<!-- This site is optimized with the Yoast SEO plugin v24.9 - https:\/\/yoast.com\/wordpress\/plugins\/seo\/ -->\n<title>{:0}Images inoubliables de votre s\u00e9jour \u00e0 Kayak &amp; Cabana\u00a0{:}<\/title>\n<meta name=\"description\" content=\"{:0}Capturez les plus beaux moments avec vos proches, voyez photos et vid\u00e9os de Kayak &amp; Cabana.{:}\" \/>\n<meta name=\"robots\" content=\"index, follow, max-snippet:-1, max-image-preview:large, max-video-preview:-1\" \/>\n<link rel=\"canonical\" href=\"https:\/\/kayak-cabana.com\/photos-videos-2\/\" \/>\n<meta property=\"og:locale\" content=\"en_US\" \/>\n<meta property=\"og:type\" content=\"article\" \/>\n<meta property=\"og:title\" content=\"D\u00e9couvrez la beaut\u00e9 des Laurentides \u00e0 travers nos photos et vid\u00e9os.\" \/>\n<meta property=\"og:description\" content=\"Plongez dans l&#039;univers de Kayak &amp; Cabana en images. H\u00e9bergements insolites, rivi\u00e8re Rouge et nature Laurentienne: laissez-vous inspirer par la magie du lieu.\" \/>\n<meta property=\"og:url\" content=\"https:\/\/kayak-cabana.com\/photos-videos-2\/\" \/>\n<meta property=\"og:site_name\" content=\"Kayak &amp; Cabana (Kayak Caf\u00e9)\" \/>\n<meta name=\"twitter:card\" content=\"summary_large_image\" \/>\n<meta name=\"twitter:title\" content=\"D\u00e9couvrez la beaut\u00e9 des Laurentides \u00e0 travers nos photos et vid\u00e9os.\" \/>\n<meta name=\"twitter:description\" content=\"Plongez dans l&#039;univers de Kayak &amp; Cabana en images. H\u00e9bergements insolites, rivi\u00e8re Rouge et nature Laurentienne: laissez-vous inspirer par la magie du lieu.\" \/>\n<script type=\"application\/ld+json\" class=\"yoast-schema-graph\">{\"@context\":\"https:\/\/schema.org\",\"@graph\":[{\"@type\":\"WebPage\",\"@id\":\"https:\/\/kayak-cabana.com\/photos-videos-2\/\",\"url\":\"https:\/\/kayak-cabana.com\/photos-videos-2\/\",\"name\":\"{:0}Images inoubliables de votre s\u00e9jour \u00e0 Kayak & Cabana\u00a0{:}\",\"isPartOf\":{\"@id\":\"https:\/\/kayak-cabana.com\/#website\"},\"datePublished\":\"2025-05-15T17:08:09+00:00\",\"description\":\"{:0}Capturez les plus beaux moments avec vos proches, voyez photos et vid\u00e9os de Kayak & Cabana.{:}\",\"breadcrumb\":{\"@id\":\"https:\/\/kayak-cabana.com\/photos-videos-2\/#breadcrumb\"},\"inLanguage\":\"en-CA\",\"potentialAction\":[{\"@type\":\"ReadAction\",\"target\":[\"https:\/\/kayak-cabana.com\/photos-videos-2\/\"]}]},{\"@type\":\"BreadcrumbList\",\"@id\":\"https:\/\/kayak-cabana.com\/photos-videos-2\/#breadcrumb\",\"itemListElement\":[{\"@type\":\"ListItem\",\"position\":1,\"name\":\"Home\",\"item\":\"https:\/\/kayak-cabana.com\/\"},{\"@type\":\"ListItem\",\"position\":2,\"name\":\"Photos &#038; Vid\u00e9os\"}]},{\"@type\":\"WebSite\",\"@id\":\"https:\/\/kayak-cabana.com\/#website\",\"url\":\"https:\/\/kayak-cabana.com\/\",\"name\":\"Kayak & Cabana (Kayak Caf\u00e9)\",\"description\":\"Excursions sur la rivi\u00e8re rouge et h\u00e9bergements insolites\",\"publisher\":{\"@id\":\"https:\/\/kayak-cabana.com\/#organization\"},\"potentialAction\":[{\"@type\":\"SearchAction\",\"target\":{\"@type\":\"EntryPoint\",\"urlTemplate\":\"https:\/\/kayak-cabana.com\/?s={search_term_string}\"},\"query-input\":{\"@type\":\"PropertyValueSpecification\",\"valueRequired\":true,\"valueName\":\"search_term_string\"}}],\"inLanguage\":\"en-CA\"},{\"@type\":\"Organization\",\"@id\":\"https:\/\/kayak-cabana.com\/#organization\",\"name\":\"Kayak & Cabana (Kayak Caf\u00e9)\",\"url\":\"https:\/\/kayak-cabana.com\/\",\"logo\":{\"@type\":\"ImageObject\",\"inLanguage\":\"en-CA\",\"@id\":\"https:\/\/kayak-cabana.com\/#\/schema\/logo\/image\/\",\"url\":\"https:\/\/kayak-cabana.com\/wp-content\/uploads\/2019\/06\/kayak-et-cabana-logo.png\",\"contentUrl\":\"https:\/\/kayak-cabana.com\/wp-content\/uploads\/2019\/06\/kayak-et-cabana-logo.png\",\"width\":200,\"height\":45,\"caption\":\"Kayak & Cabana (Kayak Caf\u00e9)\"},\"image\":{\"@id\":\"https:\/\/kayak-cabana.com\/#\/schema\/logo\/image\/\"}}]}<\/script>\n<!-- \/ Yoast SEO plugin. -->","yoast_head_json":{"title":"{:0}Images inoubliables de votre s\u00e9jour \u00e0 Kayak & Cabana\u00a0{:}","description":"{:0}Capturez les plus beaux moments avec vos proches, voyez photos et vid\u00e9os de Kayak & Cabana.{:}","robots":{"index":"index","follow":"follow","max-snippet":"max-snippet:-1","max-image-preview":"max-image-preview:large","max-video-preview":"max-video-preview:-1"},"canonical":"https:\/\/kayak-cabana.com\/photos-videos-2\/","og_locale":"en_US","og_type":"article","og_title":"D\u00e9couvrez la beaut\u00e9 des Laurentides \u00e0 travers nos photos et vid\u00e9os.","og_description":"Plongez dans l'univers de Kayak & Cabana en images. H\u00e9bergements insolites, rivi\u00e8re Rouge et nature Laurentienne: laissez-vous inspirer par la magie du lieu.","og_url":"https:\/\/kayak-cabana.com\/photos-videos-2\/","og_site_name":"Kayak & Cabana (Kayak Caf\u00e9)","twitter_card":"summary_large_image","twitter_title":"D\u00e9couvrez la beaut\u00e9 des Laurentides \u00e0 travers nos photos et vid\u00e9os.","twitter_description":"Plongez dans l'univers de Kayak & Cabana en images. H\u00e9bergements insolites, rivi\u00e8re Rouge et nature Laurentienne: laissez-vous inspirer par la magie du lieu.","schema":{"@context":"https:\/\/schema.org","@graph":[{"@type":"WebPage","@id":"https:\/\/kayak-cabana.com\/photos-videos-2\/","url":"https:\/\/kayak-cabana.com\/photos-videos-2\/","name":"{:0}Images inoubliables de votre s\u00e9jour \u00e0 Kayak & Cabana\u00a0{:}","isPartOf":{"@id":"https:\/\/kayak-cabana.com\/#website"},"datePublished":"2025-05-15T17:08:09+00:00","description":"{:0}Capturez les plus beaux moments avec vos proches, voyez photos et vid\u00e9os de Kayak & Cabana.{:}","breadcrumb":{"@id":"https:\/\/kayak-cabana.com\/photos-videos-2\/#breadcrumb"},"inLanguage":"en-CA","potentialAction":[{"@type":"ReadAction","target":["https:\/\/kayak-cabana.com\/photos-videos-2\/"]}]},{"@type":"BreadcrumbList","@id":"https:\/\/kayak-cabana.com\/photos-videos-2\/#breadcrumb","itemListElement":[{"@type":"ListItem","position":1,"name":"Home","item":"https:\/\/kayak-cabana.com\/"},{"@type":"ListItem","position":2,"name":"Photos &#038; Vid\u00e9os"}]},{"@type":"WebSite","@id":"https:\/\/kayak-cabana.com\/#website","url":"https:\/\/kayak-cabana.com\/","name":"Kayak & Cabana (Kayak Caf\u00e9)","description":"Excursions sur la rivi\u00e8re rouge et h\u00e9bergements insolites","publisher":{"@id":"https:\/\/kayak-cabana.com\/#organization"},"potentialAction":[{"@type":"SearchAction","target":{"@type":"EntryPoint","urlTemplate":"https:\/\/kayak-cabana.com\/?s={search_term_string}"},"query-input":{"@type":"PropertyValueSpecification","valueRequired":true,"valueName":"search_term_string"}}],"inLanguage":"en-CA"},{"@type":"Organization","@id":"https:\/\/kayak-cabana.com\/#organization","name":"Kayak & Cabana (Kayak Caf\u00e9)","url":"https:\/\/kayak-cabana.com\/","logo":{"@type":"ImageObject","inLanguage":"en-CA","@id":"https:\/\/kayak-cabana.com\/#\/schema\/logo\/image\/","url":"https:\/\/kayak-cabana.com\/wp-content\/uploads\/2019\/06\/kayak-et-cabana-logo.png","contentUrl":"https:\/\/kayak-cabana.com\/wp-content\/uploads\/2019\/06\/kayak-et-cabana-logo.png","width":200,"height":45,"caption":"Kayak & Cabana (Kayak Caf\u00e9)"},"image":{"@id":"https:\/\/kayak-cabana.com\/#\/schema\/logo\/image\/"}}]}},"_links":{"self":[{"href":"https:\/\/kayak-cabana.com\/ca\/wp-json\/wp\/v2\/pages\/3698","targetHints":{"allow":["GET"]}}],"collection":[{"href":"https:\/\/kayak-cabana.com\/ca\/wp-json\/wp\/v2\/pages"}],"about":[{"href":"https:\/\/kayak-cabana.com\/ca\/wp-json\/wp\/v2\/types\/page"}],"author":[{"embeddable":true,"href":"https:\/\/kayak-cabana.com\/ca\/wp-json\/wp\/v2\/users\/4"}],"replies":[{"embeddable":true,"href":"https:\/\/kayak-cabana.com\/ca\/wp-json\/wp\/v2\/comments?post=3698"}],"version-history":[{"count":0,"href":"https:\/\/kayak-cabana.com\/ca\/wp-json\/wp\/v2\/pages\/3698\/revisions"}],"wp:attachment":[{"href":"https:\/\/kayak-cabana.com\/ca\/wp-json\/wp\/v2\/media?parent=3698"}],"curies":[{"name":"wp","href":"https:\/\/api.w.org\/{rel}","templated":true}]}}