{"id":1498,"date":"2019-06-14T19:17:33","date_gmt":"2019-06-14T19:17:33","guid":{"rendered":"https:\/\/beta.kayak-cabana.com\/?page_id=1498"},"modified":"2025-05-21T18:03:14","modified_gmt":"2025-05-21T18:03:14","slug":"activites-hiver-laurentides","status":"publish","type":"page","link":"https:\/\/kayak-cabana.com\/ca\/nearby-activities\/winter-laurentians\/","title":{"rendered":"Winter activities"},"content":{"rendered":"<p>[vc_row full_width=&#8221;stretch_row_content_no_spaces&#8221; el_class=&#8221;top-img&#8221; css=&#8221;.vc_custom_1561037431600{padding-top: 150px !important;padding-bottom: 150px !important;background-image: url(https:\/\/kayak-cabana.com\/wp-content\/uploads\/2019\/06\/entetecanotkayaksup.jpg?id=2025) !important;background-position: center !important;background-repeat: no-repeat !important;background-size: cover !important;}&#8221;][vc_column][\/vc_column][\/vc_row][vc_row][vc_column][vc_column_text]<\/p>\n<h1 style=\"text-align: center;\">Snowshoe trails in the Laurentians<\/h1>\n<p>[\/vc_column_text][\/vc_column][\/vc_row][vc_row el_class=&#8221;desktop&#8221;][vc_column width=&#8221;1\/2&#8243; el_class=&#8221;showcase-2&#8243;][vc_column_text]<\/p>\n<h3>Snowshoes<\/h3>\n<p><strong>Trails on the site :\u00a0\u00a0<\/strong><br \/>\nDuring the winter season, snowshoe trails are set up on the site (2 km) and we offer\u00a0equipment\u00a0rental.<\/p>\n<p><strong>Mountain trails :\u00a0<\/strong><br \/>\nAt\u00a0a\u00a0distance of 5-10 minutes by car,\u00a0we\u00a0recommend\u00a0the\u00a0hike\u00a0of Cap 360 (6 km) and la Montagne Verte (4.2 km)\u00a0They\u00a0offer\u00a0a\u00a0breathtaking\u00a0views\u00a0of Mont-Tremblant and all the\u00a0lakes\u00a0nearby.[\/vc_column_text][\/vc_column][vc_column width=&#8221;1\/2&#8243;][vc_single_image image=&#8221;1964&#8243; img_size=&#8221;full&#8221; style=&#8221;vc_box_shadow&#8221;][\/vc_column][\/vc_row][vc_row el_class=&#8221;mobile&#8221;][vc_column][vc_single_image image=&#8221;1964&#8243; img_size=&#8221;full&#8221; style=&#8221;vc_box_shadow&#8221;][vc_column_text]<\/p>\n<h3>Snowshoes<\/h3>\n<p><strong>Trails on the site :\u00a0\u00a0<\/strong><br \/>\nDuring the winter season, snowshoe trails are set up on the site (2 km) and we offer\u00a0equipment\u00a0rental.<\/p>\n<p><strong>Mountain trails :\u00a0<\/strong><br \/>\nAt\u00a0a\u00a0distance of 5-10 minutes by car,\u00a0we\u00a0recommend\u00a0the\u00a0hike\u00a0of Cap 360 (6 km) and la Montagne Verte (4.2 km)\u00a0They\u00a0offer\u00a0a\u00a0breathtaking\u00a0views\u00a0of Mont-Tremblant and all the\u00a0lakes\u00a0nearby.[\/vc_column_text][\/vc_column][\/vc_row][vc_row full_width=&#8221;stretch_row&#8221; css=&#8221;.vc_custom_1560885799276{background-color: #f4f4f4 !important;}&#8221; el_class=&#8221;desktop&#8221;][vc_column width=&#8221;1\/2&#8243;][vc_single_image image=&#8221;2083&#8243; img_size=&#8221;full&#8221; style=&#8221;vc_box_shadow&#8221;][\/vc_column][vc_column width=&#8221;1\/2&#8243; el_class=&#8221;showcase-2&#8243;][vc_column_text]<\/p>\n<h3>Cross-country skiing<\/h3>\n<p><strong>Club de ski de fond de Labelle\u202f:<\/strong> The snowy tracks await you at the Centre de ski de fond de Labelle. A network of more than 35 km, in the exceptional nature of the Hautes Laurentides, in a calm and inviting forest with a magnificent midway shelter allowing a well-deserved halt. Welcome to beginners, intermediates and experts. At a distance of 5 km by car from Kayak &#038; Cabana.<\/p>\n<p><strong>Mont-Tremblant cross-country skiing :<\/strong> The centre \u00e9cotouristique du Domaine Saint-Bernard offers over 80 kilometers of perfectly groomed snow trails. At a distance of 16 km by car from Kayak &#038; Cabana.[\/vc_column_text][\/vc_column][\/vc_row][vc_row el_class=&#8221;mobile&#8221; css=&#8221;.vc_custom_1560885767163{background-color: #f4f4f4 !important;}&#8221;][vc_column][vc_single_image image=&#8221;2083&#8243; img_size=&#8221;full&#8221; style=&#8221;vc_box_shadow&#8221;][vc_column_text]<\/p>\n<h3>Cross-country skiing<\/h3>\n<p><strong>Club de ski de fond de Labelle\u202f:<\/strong> The snowy tracks await you at the Centre de ski de fond de Labelle. A network of more than 35 km, in the exceptional nature of the Hautes Laurentides, in a calm and inviting forest with a magnificent midway shelter allowing a well-deserved halt. Welcome to beginners, intermediates and experts. At a distance of 5 km by car from Kayak &#038; Cabana.<\/p>\n<p><strong>Mont-Tremblant cross-country skiing :<\/strong> The centre \u00e9cotouristique du Domaine Saint-Bernard offers over 80 kilometers of perfectly groomed snow trails. At a distance of 16 km by car from Kayak &#038; Cabana.[\/vc_column_text][\/vc_column][\/vc_row][vc_row el_class=&#8221;desktop&#8221;][vc_column width=&#8221;1\/2&#8243; el_class=&#8221;showcase&#8221;][vc_column_text]<\/p>\n<h3>Alpine Skiing \/ Snowboarding<\/h3>\n<p>Considered the highest peak in the Laurentians and the # 1 ski resort in eastern North\u00a0America, the Centre de vill\u00e9giature Mont-Tremblant\u00a0is\u00a0less\u00a0than\u00a015 km\u00a0away\u00a0by car\u00a0from\u00a0Kayak &#038; Cabana.[\/vc_column_text][\/vc_column][vc_column width=&#8221;1\/2&#8243;][vc_single_image image=&#8221;1967&#8243; img_size=&#8221;full&#8221; style=&#8221;vc_box_shadow&#8221;][\/vc_column][\/vc_row][vc_row el_class=&#8221;mobile&#8221; css=&#8221;.vc_custom_1560885874468{padding-top: 35px !important;}&#8221;][vc_column][vc_single_image image=&#8221;1967&#8243; img_size=&#8221;full&#8221; style=&#8221;vc_box_shadow&#8221;][vc_column_text]<\/p>\n<h3>Alpine Skiing \/ Snowboarding<\/h3>\n<p>Considered the highest peak in the Laurentians and the # 1 ski resort in eastern North\u00a0America, the Centre de vill\u00e9giature Mont-Tremblant\u00a0is\u00a0less\u00a0than\u00a015 km\u00a0away\u00a0by car\u00a0from\u00a0Kayak &#038; Cabana.[\/vc_column_text][\/vc_column][\/vc_row][vc_row full_width=&#8221;stretch_row&#8221; css=&#8221;.vc_custom_1560885807761{background-color: #f4f4f4 !important;}&#8221; el_class=&#8221;desktop&#8221;][vc_column width=&#8221;1\/2&#8243;][vc_single_image image=&#8221;2084&#8243; img_size=&#8221;full&#8221; style=&#8221;vc_box_shadow&#8221;][\/vc_column][vc_column width=&#8221;1\/2&#8243; el_class=&#8221;showcase&#8221;][vc_column_text]<\/p>\n<h3>Dogsledding<\/h3>\n<p>Drive\u00a0your\u00a0own\u00a0team of\u00a0sled\u00a0dogs, or\u00a0enjoy\u00a0the ride as a\u00a0passenger\u00a0on\u00a0hilly\u00a0trails<br \/>\ntraversing\u00a0a\u00a0beautiful\u00a0forest.\u00a0Located\u00a015 minutes\u00a0from\u00a0Kayak &#038; Cabana.[\/vc_column_text][\/vc_column][\/vc_row][vc_row el_class=&#8221;mobile&#8221; css=&#8221;.vc_custom_1560885775403{background-color: #f4f4f4 !important;}&#8221;][vc_column][vc_single_image image=&#8221;2084&#8243; img_size=&#8221;full&#8221; style=&#8221;vc_box_shadow&#8221;][vc_column_text]<\/p>\n<h3>Dogsledding<\/h3>\n<p>Drive\u00a0your\u00a0own\u00a0team of\u00a0sled\u00a0dogs, or\u00a0enjoy\u00a0the ride as a\u00a0passenger\u00a0on\u00a0hilly\u00a0trails<br \/>\ntraversing\u00a0a\u00a0beautiful\u00a0forest.\u00a0Located\u00a015 minutes\u00a0from\u00a0Kayak &#038; Cabana.[\/vc_column_text][\/vc_column][\/vc_row]<\/p>\n","protected":false},"excerpt":{"rendered":"<p>[vc_row full_width=&#8221;stretch_row_content_no_spaces&#8221; el_class=&#8221;top-img&#8221; css=&#8221;.vc_custom_1561037431600{padding-top: 150px !important;padding-bottom: 150px !important;background-image: url(https:\/\/kayak-cabana.com\/wp-content\/uploads\/2019\/06\/entetecanotkayaksup.jpg?id=2025) !important;background-position: center !important;background-repeat: no-repeat !important;background-size: cover !important;}&#8221;][vc_column][\/vc_column][\/vc_row][vc_row][vc_column][vc_column_text] Snowshoe trails in the Laurentians [\/vc_column_text][\/vc_column][\/vc_row][vc_row el_class=&#8221;desktop&#8221;][vc_column width=&#8221;1\/2&#8243; el_class=&#8221;showcase-2&#8243;][vc_column_text] Snowshoes Trails on the site :\u00a0\u00a0 During the winter season, snowshoe trails are set up on the site (2 km) and we offer\u00a0equipment\u00a0rental. Mountain trails :\u00a0 At\u00a0a\u00a0distance of 5-10 minutes<\/p>\n<div><a class=\"btn-filled btn\" href=\"https:\/\/kayak-cabana.com\/ca\/nearby-activities\/winter-laurentians\/\" title=\"Winter activities\">Read More<\/a><\/div>\n","protected":false},"author":2,"featured_media":0,"parent":992,"menu_order":0,"comment_status":"closed","ping_status":"closed","template":"page-templates\/full-width.php","meta":{"footnotes":""},"class_list":["post-1498","page","type-page","status-publish","hentry"],"yoast_head":"<!-- This site is optimized with the Yoast SEO plugin v24.9 - https:\/\/yoast.com\/wordpress\/plugins\/seo\/ -->\n<title>Sentiers de raquette dans les Laurentides<\/title>\n<meta name=\"description\" content=\"Arpentez les plus beaux sentiers de raquettes \u00e0 proximit\u00e9 de Kayak &amp; Cabana avec des vues spectaculaires sur les paysages hivernales des Laurentides.\" \/>\n<meta name=\"robots\" content=\"index, follow, max-snippet:-1, max-image-preview:large, max-video-preview:-1\" \/>\n<link rel=\"canonical\" href=\"https:\/\/kayak-cabana.com\/kayak-canot-laurentides\/activites-hiver-laurentides\/\" \/>\n<meta property=\"og:locale\" content=\"en_US\" \/>\n<meta property=\"og:type\" content=\"article\" \/>\n<meta property=\"og:title\" content=\"Sentiers de raquette et ski de fond dans les Laurentides\" \/>\n<meta property=\"og:description\" content=\"Profitez des sentiers de raquette sur place et explorez les pistes de ski de fond accessibles \u00e0 proximit\u00e9. Montagnes, nature et plaisir hivernal vous attendent!\" \/>\n<meta property=\"og:url\" content=\"https:\/\/kayak-cabana.com\/kayak-canot-laurentides\/activites-hiver-laurentides\/\" \/>\n<meta property=\"og:site_name\" content=\"Kayak &amp; Cabana (Kayak Caf\u00e9)\" \/>\n<meta property=\"article:modified_time\" content=\"2025-05-21T18:03:14+00:00\" \/>\n<meta property=\"og:image\" content=\"https:\/\/kayak-cabana.com\/wp-content\/uploads\/2025\/05\/Raquettes-og.png\" \/>\n\t<meta property=\"og:image:width\" content=\"1200\" \/>\n\t<meta property=\"og:image:height\" content=\"630\" \/>\n\t<meta property=\"og:image:type\" content=\"image\/png\" \/>\n<meta name=\"twitter:card\" content=\"summary_large_image\" \/>\n<meta name=\"twitter:title\" content=\"Sentiers de raquette et ski de fond dans les Laurentides\" \/>\n<meta name=\"twitter:description\" content=\"Profitez des sentiers de raquette sur place et explorez les pistes de ski de fond accessibles \u00e0 proximit\u00e9. Montagnes, nature et plaisir hivernal vous attendent!\" \/>\n<meta name=\"twitter:image\" content=\"https:\/\/kayak-cabana.com\/wp-content\/uploads\/2025\/05\/Raquettes-og.png\" \/>\n<meta name=\"twitter:label1\" content=\"Est. reading time\" \/>\n\t<meta name=\"twitter:data1\" content=\"3 minutes\" \/>\n<script type=\"application\/ld+json\" class=\"yoast-schema-graph\">{\"@context\":\"https:\/\/schema.org\",\"@graph\":[{\"@type\":\"WebPage\",\"@id\":\"https:\/\/kayak-cabana.com\/kayak-canot-laurentides\/activites-hiver-laurentides\/\",\"url\":\"https:\/\/kayak-cabana.com\/kayak-canot-laurentides\/activites-hiver-laurentides\/\",\"name\":\"Sentiers de raquette dans les Laurentides\",\"isPartOf\":{\"@id\":\"https:\/\/kayak-cabana.com\/#website\"},\"datePublished\":\"2019-06-14T19:17:33+00:00\",\"dateModified\":\"2025-05-21T18:03:14+00:00\",\"description\":\"Arpentez les plus beaux sentiers de raquettes \u00e0 proximit\u00e9 de Kayak & Cabana avec des vues spectaculaires sur les paysages hivernales des Laurentides.\",\"breadcrumb\":{\"@id\":\"https:\/\/kayak-cabana.com\/kayak-canot-laurentides\/activites-hiver-laurentides\/#breadcrumb\"},\"inLanguage\":\"en-CA\",\"potentialAction\":[{\"@type\":\"ReadAction\",\"target\":[\"https:\/\/kayak-cabana.com\/kayak-canot-laurentides\/activites-hiver-laurentides\/\"]}]},{\"@type\":\"BreadcrumbList\",\"@id\":\"https:\/\/kayak-cabana.com\/kayak-canot-laurentides\/activites-hiver-laurentides\/#breadcrumb\",\"itemListElement\":[{\"@type\":\"ListItem\",\"position\":1,\"name\":\"Home\",\"item\":\"https:\/\/kayak-cabana.com\/\"},{\"@type\":\"ListItem\",\"position\":2,\"name\":\"\u00c0 proximit\u00e9\",\"item\":\"https:\/\/kayak-cabana.com\/kayak-canot-laurentides\/\"},{\"@type\":\"ListItem\",\"position\":3,\"name\":\"Activit\u00e9s Hiver\"}]},{\"@type\":\"WebSite\",\"@id\":\"https:\/\/kayak-cabana.com\/#website\",\"url\":\"https:\/\/kayak-cabana.com\/\",\"name\":\"Kayak & Cabana (Kayak Caf\u00e9)\",\"description\":\"Excursions sur la rivi\u00e8re rouge et h\u00e9bergements insolites\",\"publisher\":{\"@id\":\"https:\/\/kayak-cabana.com\/#organization\"},\"potentialAction\":[{\"@type\":\"SearchAction\",\"target\":{\"@type\":\"EntryPoint\",\"urlTemplate\":\"https:\/\/kayak-cabana.com\/?s={search_term_string}\"},\"query-input\":{\"@type\":\"PropertyValueSpecification\",\"valueRequired\":true,\"valueName\":\"search_term_string\"}}],\"inLanguage\":\"en-CA\"},{\"@type\":\"Organization\",\"@id\":\"https:\/\/kayak-cabana.com\/#organization\",\"name\":\"Kayak & Cabana (Kayak Caf\u00e9)\",\"url\":\"https:\/\/kayak-cabana.com\/\",\"logo\":{\"@type\":\"ImageObject\",\"inLanguage\":\"en-CA\",\"@id\":\"https:\/\/kayak-cabana.com\/#\/schema\/logo\/image\/\",\"url\":\"https:\/\/kayak-cabana.com\/wp-content\/uploads\/2019\/06\/kayak-et-cabana-logo.png\",\"contentUrl\":\"https:\/\/kayak-cabana.com\/wp-content\/uploads\/2019\/06\/kayak-et-cabana-logo.png\",\"width\":200,\"height\":45,\"caption\":\"Kayak & Cabana (Kayak Caf\u00e9)\"},\"image\":{\"@id\":\"https:\/\/kayak-cabana.com\/#\/schema\/logo\/image\/\"}}]}<\/script>\n<!-- \/ Yoast SEO plugin. -->","yoast_head_json":{"title":"Sentiers de raquette dans les Laurentides","description":"Arpentez les plus beaux sentiers de raquettes \u00e0 proximit\u00e9 de Kayak & Cabana avec des vues spectaculaires sur les paysages hivernales des Laurentides.","robots":{"index":"index","follow":"follow","max-snippet":"max-snippet:-1","max-image-preview":"max-image-preview:large","max-video-preview":"max-video-preview:-1"},"canonical":"https:\/\/kayak-cabana.com\/kayak-canot-laurentides\/activites-hiver-laurentides\/","og_locale":"en_US","og_type":"article","og_title":"Sentiers de raquette et ski de fond dans les Laurentides","og_description":"Profitez des sentiers de raquette sur place et explorez les pistes de ski de fond accessibles \u00e0 proximit\u00e9. Montagnes, nature et plaisir hivernal vous attendent!","og_url":"https:\/\/kayak-cabana.com\/kayak-canot-laurentides\/activites-hiver-laurentides\/","og_site_name":"Kayak & Cabana (Kayak Caf\u00e9)","article_modified_time":"2025-05-21T18:03:14+00:00","og_image":[{"width":1200,"height":630,"url":"https:\/\/kayak-cabana.com\/wp-content\/uploads\/2025\/05\/Raquettes-og.png","type":"image\/png"}],"twitter_card":"summary_large_image","twitter_title":"Sentiers de raquette et ski de fond dans les Laurentides","twitter_description":"Profitez des sentiers de raquette sur place et explorez les pistes de ski de fond accessibles \u00e0 proximit\u00e9. Montagnes, nature et plaisir hivernal vous attendent!","twitter_image":"https:\/\/kayak-cabana.com\/wp-content\/uploads\/2025\/05\/Raquettes-og.png","twitter_misc":{"Est. reading time":"3 minutes"},"schema":{"@context":"https:\/\/schema.org","@graph":[{"@type":"WebPage","@id":"https:\/\/kayak-cabana.com\/kayak-canot-laurentides\/activites-hiver-laurentides\/","url":"https:\/\/kayak-cabana.com\/kayak-canot-laurentides\/activites-hiver-laurentides\/","name":"Sentiers de raquette dans les Laurentides","isPartOf":{"@id":"https:\/\/kayak-cabana.com\/#website"},"datePublished":"2019-06-14T19:17:33+00:00","dateModified":"2025-05-21T18:03:14+00:00","description":"Arpentez les plus beaux sentiers de raquettes \u00e0 proximit\u00e9 de Kayak & Cabana avec des vues spectaculaires sur les paysages hivernales des Laurentides.","breadcrumb":{"@id":"https:\/\/kayak-cabana.com\/kayak-canot-laurentides\/activites-hiver-laurentides\/#breadcrumb"},"inLanguage":"en-CA","potentialAction":[{"@type":"ReadAction","target":["https:\/\/kayak-cabana.com\/kayak-canot-laurentides\/activites-hiver-laurentides\/"]}]},{"@type":"BreadcrumbList","@id":"https:\/\/kayak-cabana.com\/kayak-canot-laurentides\/activites-hiver-laurentides\/#breadcrumb","itemListElement":[{"@type":"ListItem","position":1,"name":"Home","item":"https:\/\/kayak-cabana.com\/"},{"@type":"ListItem","position":2,"name":"\u00c0 proximit\u00e9","item":"https:\/\/kayak-cabana.com\/kayak-canot-laurentides\/"},{"@type":"ListItem","position":3,"name":"Activit\u00e9s Hiver"}]},{"@type":"WebSite","@id":"https:\/\/kayak-cabana.com\/#website","url":"https:\/\/kayak-cabana.com\/","name":"Kayak & Cabana (Kayak Caf\u00e9)","description":"Excursions sur la rivi\u00e8re rouge et h\u00e9bergements insolites","publisher":{"@id":"https:\/\/kayak-cabana.com\/#organization"},"potentialAction":[{"@type":"SearchAction","target":{"@type":"EntryPoint","urlTemplate":"https:\/\/kayak-cabana.com\/?s={search_term_string}"},"query-input":{"@type":"PropertyValueSpecification","valueRequired":true,"valueName":"search_term_string"}}],"inLanguage":"en-CA"},{"@type":"Organization","@id":"https:\/\/kayak-cabana.com\/#organization","name":"Kayak & Cabana (Kayak Caf\u00e9)","url":"https:\/\/kayak-cabana.com\/","logo":{"@type":"ImageObject","inLanguage":"en-CA","@id":"https:\/\/kayak-cabana.com\/#\/schema\/logo\/image\/","url":"https:\/\/kayak-cabana.com\/wp-content\/uploads\/2019\/06\/kayak-et-cabana-logo.png","contentUrl":"https:\/\/kayak-cabana.com\/wp-content\/uploads\/2019\/06\/kayak-et-cabana-logo.png","width":200,"height":45,"caption":"Kayak & Cabana (Kayak Caf\u00e9)"},"image":{"@id":"https:\/\/kayak-cabana.com\/#\/schema\/logo\/image\/"}}]}},"_links":{"self":[{"href":"https:\/\/kayak-cabana.com\/ca\/wp-json\/wp\/v2\/pages\/1498","targetHints":{"allow":["GET"]}}],"collection":[{"href":"https:\/\/kayak-cabana.com\/ca\/wp-json\/wp\/v2\/pages"}],"about":[{"href":"https:\/\/kayak-cabana.com\/ca\/wp-json\/wp\/v2\/types\/page"}],"author":[{"embeddable":true,"href":"https:\/\/kayak-cabana.com\/ca\/wp-json\/wp\/v2\/users\/2"}],"replies":[{"embeddable":true,"href":"https:\/\/kayak-cabana.com\/ca\/wp-json\/wp\/v2\/comments?post=1498"}],"version-history":[{"count":31,"href":"https:\/\/kayak-cabana.com\/ca\/wp-json\/wp\/v2\/pages\/1498\/revisions"}],"predecessor-version":[{"id":3771,"href":"https:\/\/kayak-cabana.com\/ca\/wp-json\/wp\/v2\/pages\/1498\/revisions\/3771"}],"up":[{"embeddable":true,"href":"https:\/\/kayak-cabana.com\/ca\/wp-json\/wp\/v2\/pages\/992"}],"wp:attachment":[{"href":"https:\/\/kayak-cabana.com\/ca\/wp-json\/wp\/v2\/media?parent=1498"}],"curies":[{"name":"wp","href":"https:\/\/api.w.org\/{rel}","templated":true}]}}