{"id":1464,"date":"2019-06-14T18:34:00","date_gmt":"2019-06-14T18:34:00","guid":{"rendered":"https:\/\/beta.kayak-cabana.com\/?page_id=1464"},"modified":"2025-05-21T17:44:04","modified_gmt":"2025-05-21T17:44:04","slug":"activites-ete-laurentides","status":"publish","type":"page","link":"https:\/\/kayak-cabana.com\/ca\/nearby-activities\/summer-laurentians\/","title":{"rendered":"Summer activities"},"content":{"rendered":"<p>[vc_row full_width=&#8221;stretch_row_content_no_spaces&#8221; el_class=&#8221;top-img&#8221; css=&#8221;.vc_custom_1561037383110{padding-top: 150px !important;padding-bottom: 150px !important;background-image: url(https:\/\/kayak-cabana.com\/wp-content\/uploads\/2019\/06\/entetecanotkayaksup.jpg?id=2025) !important;background-position: center !important;background-repeat: no-repeat !important;background-size: cover !important;}&#8221;][vc_column][\/vc_column][\/vc_row][vc_row][vc_column][vc_column_text]<\/p>\n<h1 style=\"text-align: center;\">Canoe, kayak or paddleboard in the Laurentians<\/h1>\n<p>[\/vc_column_text][\/vc_column][\/vc_row][vc_row el_class=&#8221;desktop&#8221;][vc_column width=&#8221;1\/2&#8243; el_class=&#8221;showcase&#8221;][vc_column_text]<\/p>\n<h3>Canoe-Kayak-SUP<\/h3>\n<p>Kayak &#038; Cabana invites you to meander down the gentle waters of the Rouge River in a canoe, kayak or paddleboard. Let the currents float you downriver and enjoy the sandy beaches, perfect for swimming and picnics. Kayak &#038; Cabana\u2019s section of the river is gentle and peaceful, making it the perfect place to introduce children and adults to the pleasures of paddling.[\/vc_column_text][\/vc_column][vc_column width=&#8221;1\/2&#8243;][vc_single_image image=&#8221;230&#8243; img_size=&#8221;full&#8221; style=&#8221;vc_box_shadow&#8221;][\/vc_column][\/vc_row][vc_row el_class=&#8221;mobile&#8221;][vc_column][vc_single_image image=&#8221;230&#8243; img_size=&#8221;full&#8221; style=&#8221;vc_box_shadow&#8221;][vc_column_text]<\/p>\n<h3>Canoe-Kayak-SUP<\/h3>\n<p>Kayak &#038; Cabana invites you to meander down the gentle waters of the Rouge River in a canoe, kayak or paddleboard. Let the currents float you downriver and enjoy the sandy beaches, perfect for swimming and picnics. Kayak &#038; Cabana\u2019s section of the river is gentle and peaceful, making it the perfect place to introduce children and adults to the pleasures of paddling.[\/vc_column_text][\/vc_column][\/vc_row][vc_row full_width=&#8221;stretch_row&#8221; css=&#8221;.vc_custom_1560885312966{background-color: #f4f4f4 !important;}&#8221; el_class=&#8221;desktop&#8221;][vc_column width=&#8221;1\/2&#8243;][vc_single_image image=&#8221;1960&#8243; img_size=&#8221;full&#8221; style=&#8221;vc_box_shadow&#8221;][\/vc_column][vc_column width=&#8221;1\/2&#8243; el_class=&#8221;showcase&#8221;][vc_column_text]<\/p>\n<h3>Hiking<\/h3>\n<p>Accessible by car, in 5-10 minutes, you will be surrounded by the mountains and their breathtaking views of Mont-Tremblant and all the lakes nearby. We recommend the hike of Cap 360 (6 km) and la Montagne Verte (4.2 km).[\/vc_column_text][\/vc_column][\/vc_row][vc_row el_class=&#8221;mobile&#8221; css=&#8221;.vc_custom_1560885370053{background-color: #f4f4f4 !important;}&#8221;][vc_column][vc_single_image image=&#8221;1960&#8243; img_size=&#8221;full&#8221; style=&#8221;vc_box_shadow&#8221;][vc_column_text]<\/p>\n<h3>Hiking<\/h3>\n<p>Accessible by car, in 5-10 minutes, you will be surrounded by the mountains and their breathtaking views of Mont-Tremblant and all the lakes nearby. We recommend the hike of Cap 360 (6 km) and la Montagne Verte (4.2 km).[\/vc_column_text][\/vc_column][\/vc_row][vc_row el_class=&#8221;desktop&#8221;][vc_column width=&#8221;1\/2&#8243; el_class=&#8221;showcase&#8221;][vc_column_text]<\/p>\n<h3>Le petit train du nord bike path<\/h3>\n<p>Admire the incredible landscapes, filled with mountains, forest and lakes and rivers as far as the eye can see. Le P\u2019tit Train du Nord, a 232 km bike path that traverses the Laurentians and is Canada\u2019s longest bike path, is accessible from Kayak &#038; Cabana.[\/vc_column_text][\/vc_column][vc_column width=&#8221;1\/2&#8243;][vc_single_image image=&#8221;2080&#8243; img_size=&#8221;full&#8221; style=&#8221;vc_box_shadow&#8221;][\/vc_column][\/vc_row][vc_row el_class=&#8221;mobile&#8221;][vc_column css=&#8221;.vc_custom_1560885406813{padding-top: 35px !important;}&#8221;][vc_single_image image=&#8221;2080&#8243; img_size=&#8221;full&#8221; style=&#8221;vc_box_shadow&#8221;][vc_column_text]<\/p>\n<h3>Le petit train du nord bike path<\/h3>\n<p>Admire the incredible landscapes, filled with mountains, forest and lakes and rivers as far as the eye can see. Le P\u2019tit Train du Nord, a 232 km bike path that traverses the Laurentians and is Canada\u2019s longest bike path, is accessible from Kayak &#038; Cabana.[\/vc_column_text][\/vc_column][\/vc_row][vc_row full_width=&#8221;stretch_row&#8221; css=&#8221;.vc_custom_1560885303117{background-color: #f4f4f4 !important;}&#8221; el_class=&#8221;desktop&#8221;][vc_column width=&#8221;1\/2&#8243;][vc_single_image image=&#8221;1961&#8243; img_size=&#8221;full&#8221; style=&#8221;vc_box_shadow&#8221;][\/vc_column][vc_column width=&#8221;1\/2&#8243; el_class=&#8221;showcase&#8221;][vc_column_text]<\/p>\n<h3>Swimming<\/h3>\n<p>At the site of Kayak &#038; Cabana, you can relax on the beautiful sandy beach that invites you\u00a0to\u00a0swim.[\/vc_column_text][\/vc_column][\/vc_row][vc_row el_class=&#8221;mobile&#8221; css=&#8221;.vc_custom_1560885378364{background-color: #f4f4f4 !important;}&#8221;][vc_column][vc_single_image image=&#8221;1961&#8243; img_size=&#8221;full&#8221; style=&#8221;vc_box_shadow&#8221;][vc_column_text]<\/p>\n<h3>Swimming<\/h3>\n<p>At the site of Kayak &#038; Cabana, you can relax on the beautiful sandy beach that invites you\u00a0to\u00a0swim.[\/vc_column_text][\/vc_column][\/vc_row]<\/p>\n","protected":false},"excerpt":{"rendered":"<p>[vc_row full_width=&#8221;stretch_row_content_no_spaces&#8221; el_class=&#8221;top-img&#8221; css=&#8221;.vc_custom_1561037383110{padding-top: 150px !important;padding-bottom: 150px !important;background-image: url(https:\/\/kayak-cabana.com\/wp-content\/uploads\/2019\/06\/entetecanotkayaksup.jpg?id=2025) !important;background-position: center !important;background-repeat: no-repeat !important;background-size: cover !important;}&#8221;][vc_column][\/vc_column][\/vc_row][vc_row][vc_column][vc_column_text] Canoe, kayak or paddleboard in the Laurentians [\/vc_column_text][\/vc_column][\/vc_row][vc_row el_class=&#8221;desktop&#8221;][vc_column width=&#8221;1\/2&#8243; el_class=&#8221;showcase&#8221;][vc_column_text] Canoe-Kayak-SUP Kayak &#038; Cabana invites you to meander down the gentle waters of the Rouge River in a canoe, kayak or paddleboard. Let the currents float you downriver<\/p>\n<div><a class=\"btn-filled btn\" href=\"https:\/\/kayak-cabana.com\/ca\/nearby-activities\/summer-laurentians\/\" title=\"Summer activities\">Read More<\/a><\/div>\n","protected":false},"author":2,"featured_media":0,"parent":992,"menu_order":0,"comment_status":"closed","ping_status":"closed","template":"page-templates\/full-width.php","meta":{"footnotes":""},"class_list":["post-1464","page","type-page","status-publish","hentry"],"yoast_head":"<!-- This site is optimized with the Yoast SEO plugin v24.9 - https:\/\/yoast.com\/wordpress\/plugins\/seo\/ -->\n<title>Descente Rivi\u00e8re Rouge | Location kayak, paddleboard, canot<\/title>\n<meta name=\"description\" content=\"D\u00e9couvrez la Descente de la rivi\u00e8re Rouge pr\u00e8s de Mont-Tremblant avec Kayak &amp; Cabana. Location de kayak, paddleboard et canot pour toute la famille.\" \/>\n<meta name=\"robots\" content=\"index, follow, max-snippet:-1, max-image-preview:large, max-video-preview:-1\" \/>\n<link rel=\"canonical\" href=\"https:\/\/kayak-cabana.com\/kayak-canot-laurentides\/activites-ete-laurentides\/\" \/>\n<meta property=\"og:locale\" content=\"en_US\" \/>\n<meta property=\"og:type\" content=\"article\" \/>\n<meta property=\"og:title\" content=\"La Descente de la rivi\u00e8re Rouge; un incontournable des Laurentides.\" \/>\n<meta property=\"og:description\" content=\"Incontournable des Laurentides, La Descente de la rivi\u00e8re Rouge est une activit\u00e9 id\u00e9ale pour toute la famille; eau calme, plages, baignade et pique-nique.\" \/>\n<meta property=\"og:url\" content=\"https:\/\/kayak-cabana.com\/kayak-canot-laurentides\/activites-ete-laurentides\/\" \/>\n<meta property=\"og:site_name\" content=\"Kayak &amp; Cabana (Kayak Caf\u00e9)\" \/>\n<meta property=\"article:modified_time\" content=\"2025-05-21T17:44:04+00:00\" \/>\n<meta property=\"og:image\" content=\"https:\/\/kayak-cabana.com\/wp-content\/uploads\/2025\/05\/Paddleog-1.png\" \/>\n\t<meta property=\"og:image:width\" content=\"1200\" \/>\n\t<meta property=\"og:image:height\" content=\"630\" \/>\n\t<meta property=\"og:image:type\" content=\"image\/png\" \/>\n<meta name=\"twitter:card\" content=\"summary_large_image\" \/>\n<meta name=\"twitter:title\" content=\"La Descente de la rivi\u00e8re Rouge; un incontournable des Laurentides.\" \/>\n<meta name=\"twitter:description\" content=\"Incontournable des Laurentides, La Descente de la rivi\u00e8re Rouge est une activit\u00e9 id\u00e9ale pour toute la famille; eau calme, plages, baignade et pique-nique.\" \/>\n<meta name=\"twitter:image\" content=\"https:\/\/kayak-cabana.com\/wp-content\/uploads\/2025\/05\/Paddleog-1.png\" \/>\n<meta name=\"twitter:label1\" content=\"Est. reading time\" \/>\n\t<meta name=\"twitter:data1\" content=\"3 minutes\" \/>\n<script type=\"application\/ld+json\" class=\"yoast-schema-graph\">{\"@context\":\"https:\/\/schema.org\",\"@graph\":[{\"@type\":\"WebPage\",\"@id\":\"https:\/\/kayak-cabana.com\/kayak-canot-laurentides\/activites-ete-laurentides\/\",\"url\":\"https:\/\/kayak-cabana.com\/kayak-canot-laurentides\/activites-ete-laurentides\/\",\"name\":\"Descente Rivi\u00e8re Rouge | Location kayak, paddleboard, canot\",\"isPartOf\":{\"@id\":\"https:\/\/kayak-cabana.com\/#website\"},\"datePublished\":\"2019-06-14T18:34:00+00:00\",\"dateModified\":\"2025-05-21T17:44:04+00:00\",\"description\":\"D\u00e9couvrez la Descente de la rivi\u00e8re Rouge pr\u00e8s de Mont-Tremblant avec Kayak & Cabana. Location de kayak, paddleboard et canot pour toute la famille.\",\"breadcrumb\":{\"@id\":\"https:\/\/kayak-cabana.com\/kayak-canot-laurentides\/activites-ete-laurentides\/#breadcrumb\"},\"inLanguage\":\"en-CA\",\"potentialAction\":[{\"@type\":\"ReadAction\",\"target\":[\"https:\/\/kayak-cabana.com\/kayak-canot-laurentides\/activites-ete-laurentides\/\"]}]},{\"@type\":\"BreadcrumbList\",\"@id\":\"https:\/\/kayak-cabana.com\/kayak-canot-laurentides\/activites-ete-laurentides\/#breadcrumb\",\"itemListElement\":[{\"@type\":\"ListItem\",\"position\":1,\"name\":\"Home\",\"item\":\"https:\/\/kayak-cabana.com\/\"},{\"@type\":\"ListItem\",\"position\":2,\"name\":\"\u00c0 proximit\u00e9\",\"item\":\"https:\/\/kayak-cabana.com\/kayak-canot-laurentides\/\"},{\"@type\":\"ListItem\",\"position\":3,\"name\":\"Activit\u00e9s \u00c9t\u00e9\"}]},{\"@type\":\"WebSite\",\"@id\":\"https:\/\/kayak-cabana.com\/#website\",\"url\":\"https:\/\/kayak-cabana.com\/\",\"name\":\"Kayak & Cabana (Kayak Caf\u00e9)\",\"description\":\"Excursions sur la rivi\u00e8re rouge et h\u00e9bergements insolites\",\"publisher\":{\"@id\":\"https:\/\/kayak-cabana.com\/#organization\"},\"potentialAction\":[{\"@type\":\"SearchAction\",\"target\":{\"@type\":\"EntryPoint\",\"urlTemplate\":\"https:\/\/kayak-cabana.com\/?s={search_term_string}\"},\"query-input\":{\"@type\":\"PropertyValueSpecification\",\"valueRequired\":true,\"valueName\":\"search_term_string\"}}],\"inLanguage\":\"en-CA\"},{\"@type\":\"Organization\",\"@id\":\"https:\/\/kayak-cabana.com\/#organization\",\"name\":\"Kayak & Cabana (Kayak Caf\u00e9)\",\"url\":\"https:\/\/kayak-cabana.com\/\",\"logo\":{\"@type\":\"ImageObject\",\"inLanguage\":\"en-CA\",\"@id\":\"https:\/\/kayak-cabana.com\/#\/schema\/logo\/image\/\",\"url\":\"https:\/\/kayak-cabana.com\/wp-content\/uploads\/2019\/06\/kayak-et-cabana-logo.png\",\"contentUrl\":\"https:\/\/kayak-cabana.com\/wp-content\/uploads\/2019\/06\/kayak-et-cabana-logo.png\",\"width\":200,\"height\":45,\"caption\":\"Kayak & Cabana (Kayak Caf\u00e9)\"},\"image\":{\"@id\":\"https:\/\/kayak-cabana.com\/#\/schema\/logo\/image\/\"}}]}<\/script>\n<!-- \/ Yoast SEO plugin. -->","yoast_head_json":{"title":"Descente Rivi\u00e8re Rouge | Location kayak, paddleboard, canot","description":"D\u00e9couvrez la Descente de la rivi\u00e8re Rouge pr\u00e8s de Mont-Tremblant avec Kayak & Cabana. Location de kayak, paddleboard et canot pour toute la famille.","robots":{"index":"index","follow":"follow","max-snippet":"max-snippet:-1","max-image-preview":"max-image-preview:large","max-video-preview":"max-video-preview:-1"},"canonical":"https:\/\/kayak-cabana.com\/kayak-canot-laurentides\/activites-ete-laurentides\/","og_locale":"en_US","og_type":"article","og_title":"La Descente de la rivi\u00e8re Rouge; un incontournable des Laurentides.","og_description":"Incontournable des Laurentides, La Descente de la rivi\u00e8re Rouge est une activit\u00e9 id\u00e9ale pour toute la famille; eau calme, plages, baignade et pique-nique.","og_url":"https:\/\/kayak-cabana.com\/kayak-canot-laurentides\/activites-ete-laurentides\/","og_site_name":"Kayak & Cabana (Kayak Caf\u00e9)","article_modified_time":"2025-05-21T17:44:04+00:00","og_image":[{"width":1200,"height":630,"url":"https:\/\/kayak-cabana.com\/wp-content\/uploads\/2025\/05\/Paddleog-1.png","type":"image\/png"}],"twitter_card":"summary_large_image","twitter_title":"La Descente de la rivi\u00e8re Rouge; un incontournable des Laurentides.","twitter_description":"Incontournable des Laurentides, La Descente de la rivi\u00e8re Rouge est une activit\u00e9 id\u00e9ale pour toute la famille; eau calme, plages, baignade et pique-nique.","twitter_image":"https:\/\/kayak-cabana.com\/wp-content\/uploads\/2025\/05\/Paddleog-1.png","twitter_misc":{"Est. reading time":"3 minutes"},"schema":{"@context":"https:\/\/schema.org","@graph":[{"@type":"WebPage","@id":"https:\/\/kayak-cabana.com\/kayak-canot-laurentides\/activites-ete-laurentides\/","url":"https:\/\/kayak-cabana.com\/kayak-canot-laurentides\/activites-ete-laurentides\/","name":"Descente Rivi\u00e8re Rouge | Location kayak, paddleboard, canot","isPartOf":{"@id":"https:\/\/kayak-cabana.com\/#website"},"datePublished":"2019-06-14T18:34:00+00:00","dateModified":"2025-05-21T17:44:04+00:00","description":"D\u00e9couvrez la Descente de la rivi\u00e8re Rouge pr\u00e8s de Mont-Tremblant avec Kayak & Cabana. Location de kayak, paddleboard et canot pour toute la famille.","breadcrumb":{"@id":"https:\/\/kayak-cabana.com\/kayak-canot-laurentides\/activites-ete-laurentides\/#breadcrumb"},"inLanguage":"en-CA","potentialAction":[{"@type":"ReadAction","target":["https:\/\/kayak-cabana.com\/kayak-canot-laurentides\/activites-ete-laurentides\/"]}]},{"@type":"BreadcrumbList","@id":"https:\/\/kayak-cabana.com\/kayak-canot-laurentides\/activites-ete-laurentides\/#breadcrumb","itemListElement":[{"@type":"ListItem","position":1,"name":"Home","item":"https:\/\/kayak-cabana.com\/"},{"@type":"ListItem","position":2,"name":"\u00c0 proximit\u00e9","item":"https:\/\/kayak-cabana.com\/kayak-canot-laurentides\/"},{"@type":"ListItem","position":3,"name":"Activit\u00e9s \u00c9t\u00e9"}]},{"@type":"WebSite","@id":"https:\/\/kayak-cabana.com\/#website","url":"https:\/\/kayak-cabana.com\/","name":"Kayak & Cabana (Kayak Caf\u00e9)","description":"Excursions sur la rivi\u00e8re rouge et h\u00e9bergements insolites","publisher":{"@id":"https:\/\/kayak-cabana.com\/#organization"},"potentialAction":[{"@type":"SearchAction","target":{"@type":"EntryPoint","urlTemplate":"https:\/\/kayak-cabana.com\/?s={search_term_string}"},"query-input":{"@type":"PropertyValueSpecification","valueRequired":true,"valueName":"search_term_string"}}],"inLanguage":"en-CA"},{"@type":"Organization","@id":"https:\/\/kayak-cabana.com\/#organization","name":"Kayak & Cabana (Kayak Caf\u00e9)","url":"https:\/\/kayak-cabana.com\/","logo":{"@type":"ImageObject","inLanguage":"en-CA","@id":"https:\/\/kayak-cabana.com\/#\/schema\/logo\/image\/","url":"https:\/\/kayak-cabana.com\/wp-content\/uploads\/2019\/06\/kayak-et-cabana-logo.png","contentUrl":"https:\/\/kayak-cabana.com\/wp-content\/uploads\/2019\/06\/kayak-et-cabana-logo.png","width":200,"height":45,"caption":"Kayak & Cabana (Kayak Caf\u00e9)"},"image":{"@id":"https:\/\/kayak-cabana.com\/#\/schema\/logo\/image\/"}}]}},"_links":{"self":[{"href":"https:\/\/kayak-cabana.com\/ca\/wp-json\/wp\/v2\/pages\/1464","targetHints":{"allow":["GET"]}}],"collection":[{"href":"https:\/\/kayak-cabana.com\/ca\/wp-json\/wp\/v2\/pages"}],"about":[{"href":"https:\/\/kayak-cabana.com\/ca\/wp-json\/wp\/v2\/types\/page"}],"author":[{"embeddable":true,"href":"https:\/\/kayak-cabana.com\/ca\/wp-json\/wp\/v2\/users\/2"}],"replies":[{"embeddable":true,"href":"https:\/\/kayak-cabana.com\/ca\/wp-json\/wp\/v2\/comments?post=1464"}],"version-history":[{"count":52,"href":"https:\/\/kayak-cabana.com\/ca\/wp-json\/wp\/v2\/pages\/1464\/revisions"}],"predecessor-version":[{"id":3764,"href":"https:\/\/kayak-cabana.com\/ca\/wp-json\/wp\/v2\/pages\/1464\/revisions\/3764"}],"up":[{"embeddable":true,"href":"https:\/\/kayak-cabana.com\/ca\/wp-json\/wp\/v2\/pages\/992"}],"wp:attachment":[{"href":"https:\/\/kayak-cabana.com\/ca\/wp-json\/wp\/v2\/media?parent=1464"}],"curies":[{"name":"wp","href":"https:\/\/api.w.org\/{rel}","templated":true}]}}